{"id":1691,"date":"2024-04-29T09:58:05","date_gmt":"2024-04-29T09:58:05","guid":{"rendered":"https:\/\/tehni.eu.www425.your-server.de\/?page_id=1691"},"modified":"2024-12-13T15:16:48","modified_gmt":"2024-12-13T13:16:48","slug":"privacy-policy","status":"publish","type":"page","link":"https:\/\/tehni.eu\/de\/privacy-policy\/","title":{"rendered":"Datenschutzerkl\u00e4rung"},"content":{"rendered":"<div data-elementor-type=\"wp-page\" data-elementor-id=\"1691\" class=\"elementor elementor-1691\" wpc-filter-elementor-widget=\"1\" data-elementor-post-type=\"page\">\n\t\t\t\t<section class=\"elementor-element elementor-element-2a8f934e e-flex e-con-boxed e-con e-parent\" data-id=\"2a8f934e\" data-element_type=\"container\" data-e-type=\"container\">\n\t\t\t\t\t<div class=\"e-con-inner\">\n\t\t\t\t<div class=\"elementor-element elementor-element-9a5085d heading-h2 heading-h2-left elementor-widget elementor-widget-heading\" data-id=\"9a5085d\" data-element_type=\"widget\" data-e-type=\"widget\" data-widget_type=\"heading.default\">\n\t\t\t\t\t<h1 class=\"elementor-heading-title elementor-size-default\">Datenschutzerkl\u00e4rung<\/h1>\t\t\t\t<\/div>\n\t\t\t\t<div class=\"elementor-element elementor-element-55e9295 elementor-widget elementor-widget-text-editor\" data-id=\"55e9295\" data-element_type=\"widget\" data-e-type=\"widget\" data-widget_type=\"text-editor.default\">\n\t\t\t\t\t\t\t\t\t<p>We use cookies to improve your experience by storing and accessing device info.<\/p>\t\t\t\t\t\t\t\t<\/div>\n\t\t\t\t<div class=\"elementor-element elementor-element-cae9e71 elementor-widget elementor-widget-text-editor\" data-id=\"cae9e71\" data-element_type=\"widget\" data-e-type=\"widget\" data-widget_type=\"text-editor.default\">\n\t\t\t\t\t\t\t\t\t\n<p><strong>Datenschutzerkl\u00e4rung (DSGVO)<\/strong><\/p>\n<p>Der Zweck dieser Datenschutzrichtlinie besteht darin, zu erkl\u00e4ren, wie und warum wir Ihre pers\u00f6nlichen Daten verwenden. Bitte lesen Sie diese Erkl\u00e4rung sorgf\u00e4ltig durch.<\/p>\n<h3>1. Wer wird Ihre pers\u00f6nlichen Daten verwenden<\/h3>\n<p>Das Unternehmen TEXNH A.E. Pantelos P. (im Folgenden \u201eUnternehmen\u201c) verwendet Ihre personenbezogenen Daten als Datenverantwortlicher. Sie k\u00f6nnen uns \u00fcber die im Dokumentkopf angegebenen Informationen kontaktieren.<\/p>\n<p>Wenn Sie Fragen zur Verarbeitung Ihrer personenbezogenen Daten haben, Rechte aus\u00fcben oder eine Beschwerde einreichen m\u00f6chten, k\u00f6nnen Sie sich an den oben genannten Datenverantwortlichen wenden. Das Unternehmen ist gem\u00e4\u00df der EU-Verordnung 679\/2016 (DSGVO) und insbesondere den Artikeln 37, 38 und 83 sowie Erw\u00e4gungsgrund 97 der DSGVO nicht verpflichtet, einen Datenschutzbeauftragten (DSB) zu ernennen. Alle Anfragen oder Beschwerden m\u00fcssen schriftlich oder per E-Mail eingereicht werden.<\/p>\n<h3>2. Wie wir Ihre pers\u00f6nlichen Daten verwenden<\/h3>\n<p>Ihre personenbezogenen Daten werden zur Beantwortung Ihrer Anfragen sowie zu statistischen Zwecken genutzt.<\/p>\n<p>Ihre E-Mail-Adresse bleibt auch nach der Akzeptanz der Nutzungsbedingungen in unserer Kundenliste gespeichert und erm\u00f6glicht uns, Sie \u00fcber Angebote, bestellbezogene Angelegenheiten, Messeteilnahmen und Ank\u00fcndigungen neuer Produkte zu informieren.<\/p>\n<h3>3. Welche personenbezogenen Daten wir verwenden<\/h3>\n<p>Wir verarbeiten nur personenbezogene Daten, die f\u00fcr die oben genannten Zwecke unbedingt erforderlich sind. Insbesondere verarbeitet das Unternehmen:<\/p>\n<ul>\n<li>Identit\u00e4t (Name)<\/li>\n<li>Kontaktdaten (Adresse, E-Mail, Telefon)<\/li>\n<\/ul>\n<h3>4. Mit wem wir Ihre personenbezogenen Daten teilen<\/h3>\n<p>Die einzigen personenbezogenen Daten, die wir weitergeben, sind Verkehrsstatistiken, die \u00fcber Google erfasst werden.<\/p>\n<h3>5. Warum die Erhebung personenbezogener Daten erforderlich ist<\/h3>\n<p>Die Erhebung Ihrer Daten ist f\u00fcr den Abschluss eines Kaufvertrages und zur Kommunikation zwischen uns erforderlich.<\/p>\n<h3>6. Ihre Rechte nach der DSGVO<\/h3>\n<p>Sie haben das Recht, hinsichtlich Ihrer personenbezogenen Daten folgende Rechte auszu\u00fcben:<\/p>\n<ul>\n<li>Zugang<\/li>\n<li>Berichtigung<\/li>\n<li>Portabilit\u00e4t<\/li>\n<li>L\u00f6schung (unter Vorbehalt gesetzlicher Voraussetzungen)<\/li>\n<li>Beschr\u00e4nkung<\/li>\n<li>Einspruch<\/li>\n<\/ul>\n<p>Sie k\u00f6nnen Ihre Einwilligung zur Verarbeitung Ihrer personenbezogenen Daten jederzeit widerrufen. Der Widerruf der Einwilligung ber\u00fchrt nicht die Rechtm\u00e4\u00dfigkeit der vorherigen Verarbeitung. Sie k\u00f6nnen Ihre Rechte \u00fcber unsere Website aus\u00fcben oder uns eine E-Mail senden an <span style=\"display:inline;unicode-bidi:bidi-override;direction:rtl;\" class=\"\">rg.soletnap<span style=\"display:none;\">obfsctd-800240<\/span>&#64;liam<\/span>Der Antrag auf Aus\u00fcbung Ihrer Rechte ist kostenlos, es sei denn, der Antrag ist offensichtlich unbegr\u00fcndet oder \u00fcbertrieben.<\/p>\n<h3>7. Wie Sie eine Beschwerde einreichen<\/h3>\n<p>Wenn Sie glauben, dass Ihre Privatsph\u00e4re in irgendeiner Weise verletzt wird, k\u00f6nnen Sie eine Beschwerde bei der Datenschutzbeh\u00f6rde einreichen:<\/p>\n<ul>\n<li>Kifissias 1-3, ZIP 115 23, Athens, <a href=\"http:\/\/www.dpa.gr\" target=\"_new\" rel=\"noopener\">www.dpa.gr<\/a><\/li>\n<\/ul>\n<h3>8. Wie lange wir Ihre personenbezogenen Daten speichern<\/h3>\n<p>Wir speichern und verarbeiten Ihre personenbezogenen Daten f\u00fcr die oben genannten Zwecke bis zu einem Monat f\u00fcr Daten im Zusammenhang mit Ihrer Bestellung oder Kommunikation und auf unbestimmte Zeit f\u00fcr Ihre E-Mail, f\u00fcr die Sie Ihre Zustimmung erteilt haben. Sie haben jederzeit das Recht, die L\u00f6schung Ihrer E-Mail zu verlangen.<\/p>\n\t\t\t\t\t\t\t\t<\/div>\n\t\t\t\t\t<\/div>\n\t\t\t\t<\/section>\n\t\t\t\t<\/div>","protected":false},"excerpt":{"rendered":"<p>Privacy Policy We use cookies to improve your experience by storing and accessing device info. Privacy Statement (GDPR) The purpose of this Privacy Statement is to explain how and why we use your personal information. Please read this statement carefully. 1. Who will use your personal information The company TEXNH A.E. Pantelos P. (hereafter the [&hellip;]<\/p>\n","protected":false},"author":1,"featured_media":0,"parent":0,"menu_order":14,"comment_status":"closed","ping_status":"closed","template":"","meta":{"_acf_changed":false,"footnotes":""},"hf_cat_page":[182],"class_list":["post-1691","page","type-page","status-publish","hentry"],"acf":[],"_links":{"self":[{"href":"https:\/\/tehni.eu\/de\/wp-json\/wp\/v2\/pages\/1691","targetHints":{"allow":["GET"]}}],"collection":[{"href":"https:\/\/tehni.eu\/de\/wp-json\/wp\/v2\/pages"}],"about":[{"href":"https:\/\/tehni.eu\/de\/wp-json\/wp\/v2\/types\/page"}],"author":[{"embeddable":true,"href":"https:\/\/tehni.eu\/de\/wp-json\/wp\/v2\/users\/1"}],"replies":[{"embeddable":true,"href":"https:\/\/tehni.eu\/de\/wp-json\/wp\/v2\/comments?post=1691"}],"version-history":[{"count":0,"href":"https:\/\/tehni.eu\/de\/wp-json\/wp\/v2\/pages\/1691\/revisions"}],"wp:attachment":[{"href":"https:\/\/tehni.eu\/de\/wp-json\/wp\/v2\/media?parent=1691"}],"wp:term":[{"taxonomy":"hf_cat_page","embeddable":true,"href":"https:\/\/tehni.eu\/de\/wp-json\/wp\/v2\/hf_cat_page?post=1691"}],"curies":[{"name":"wp","href":"https:\/\/api.w.org\/{rel}","templated":true}]}}