{"id":15736,"date":"2025-11-14T21:58:58","date_gmt":"2025-11-14T19:58:58","guid":{"rendered":"https:\/\/tehni.eu\/?post_type=product&#038;p=15736"},"modified":"2025-12-03T09:58:41","modified_gmt":"2025-12-03T07:58:41","slug":"tls-50-expand-1345","status":"publish","type":"product","link":"https:\/\/tehni.eu\/de\/shop\/tls-50-expand-1345\/","title":{"rendered":"TLS 50 Expand &#8211; 1345"},"content":{"rendered":"<p>Das Modell 1345-8 TLS 50, ohne INOX-Elemente, kombiniert eine \u00e4u\u00dfere Ansicht mit Expand-Rahmen und eine b\u00fcndige Flush-Innenfl\u00e4che, wodurch ein elegantes und einheitliches Gesamtbild im Raum entsteht.<\/p>\n<p>Die doppelte, sandgestrahlte Verbundverglasung und die b\u00fcndige Innen\u00e4sthetik verleihen dem Design einen dezenten und minimalistischen Charakter.<\/p>\n<p>Die T\u00fcr ist mit einem GU-3-Punkt-Schloss, einem R6 Plus Sicherheitszylinder und drei fl\u00e4chenb\u00fcndigen B\u00e4ndern ausgestattet und gew\u00e4hrleistet Zuverl\u00e4ssigkeit, Stabilit\u00e4t und komfortable t\u00e4gliche Nutzung.<\/p>\n<p>&nbsp;<\/p>\n<p><strong>T\u00fcrmerkmale &amp; Ausstattung<\/strong><\/p>\n<ul>\n<li>GU-3\u2011Punkt\u2011Hakenschloss SH2<\/li>\n<li>TLS-Bandsicherheitsmechanismus<\/li>\n<li>R6-Zylinder 30\/40 (5+1 Schl\u00fcssel) mit Notfunktion<\/li>\n<li>3 fl\u00e4chenb\u00fcndige B\u00e4nder: wei\u00df oder silber \u2013 je nach Innenfarbe<\/li>\n<li>INOX-Schlossabdeckung &amp; Rosette<\/li>\n<li class=\"translation-block\">Au\u00dfengriff: Bar 800 mm \u2013 INOX 316<\/li>\n<li class=\"translation-block\">Innengriff: Knauf Kronos \u2013 INOX<\/li>\n<li class=\"translation-block\">Verglasung: Doppel-Verbundglas 3.3.1 sandgestrahlt<\/li>\n<li class=\"translation-block\">T\u00fcr\u00f6ffnung: Nach innen \u2013 Links oder Rechts<\/li>\n<li class=\"translation-block\">Au\u00dfendesign: Nr. 1345 TLS 50 EXPAND ohne INOX<\/li>\n<li class=\"translation-block\">Innendesign: Nr. 1345 TLS 50 FLUSH ohne INOX<\/li>\n<li class=\"translation-block\">Verf\u00fcgbare Farben: 7016 Structura, 9007 Structura &amp; TEHNi White<\/li>\n<\/ul>\n<p>&nbsp;<\/p>\n<p><strong>Seitenteil mit Glas <\/strong><\/p>\n<p>Das 400-mm- oder 500-mm-Seitenteil ist eine ideale L\u00f6sung zur Verbesserung des nat\u00fcrlichen Lichts und der architektonischen \u00c4sthetik des Eingangsbereichs.<\/p>\n<p>Es wird im gleichen System wie die Hauptt\u00fcr gefertigt und verf\u00fcgt \u00fcber doppelte, sandgestrahlte Verbundverglasung, die Privatsph\u00e4re, Widerstandsf\u00e4higkeit und ein absolut gleichm\u00e4\u00dfiges Endergebnis gew\u00e4hrleistet.<\/p>\n<p>Durch das Hinzuf\u00fcgen der Seitenteile entsteht ein vollst\u00e4ndiger Eingangsbereich mit mehr Licht, besserer Symmetrie und einer einheitlichen Optik, die perfekt zur Hauptt\u00fcr passt.<\/p>\n<p>&nbsp;<\/p>\n<p class=\"translation-block\">Merkmale des Seitenteils<\/p>\n<ul>\n<li class=\"translation-block\">Breite: 400 mm oder 500 mm<\/li>\n<li class=\"translation-block\">H\u00f6he: 2000 mm oder 2100 mm<\/li>\n<li class=\"translation-block\">Verglasung: Doppel-Verbundglas 3.3.1 sandgestrahlt<\/li>\n<li class=\"translation-block\">Montage: Seitenteil neben der Hauptt\u00fcr in separatem Rahmen<\/li>\n<li class=\"translation-block\">Verf\u00fcgbare Farben: 7016 Structura, 9007 Structura &amp; TEHNi White<\/li>\n<\/ul>\n<p>&nbsp;<\/p>\n<p><strong>Erweiterungsprofil 35 mm oder 50 mm<\/strong><\/p>\n<p>F\u00fcr eine optimale Anpassung kann ein Erweiterungsprofil von 35 mm oder 50 mm hinzugef\u00fcgt werden, das eine ideale Angleichung des T\u00fcrrahmens an die Wandst\u00e4rke erm\u00f6glicht.<\/p>\n<p>Dies sorgt f\u00fcr ein sauberes Finish, eine gleichm\u00e4\u00dfige Optik entlang des T\u00fcrumfangs und verhindert zus\u00e4tzliche Reparatur- oder Putzarbeiten.<\/p>","protected":false},"excerpt":{"rendered":"<p>The 1345-8 TLS 50 model, without inox elements, combines an exterior appearance with an Expand frame and a fully flush interior surface, creating an elegant and uniform result within the space. The double laminated frosted glass and the flush interior design contribute to a discreet and minimal character. The door is equipped with a GU [&hellip;]<\/p>\n","protected":false},"featured_media":15913,"template":"","meta":{"_acf_changed":false},"product_brand":[],"product_cat":[245],"product_tag":[],"class_list":{"0":"post-15736","1":"product","2":"type-product","3":"status-publish","4":"has-post-thumbnail","6":"product_cat-tls-50","8":"first","9":"instock","10":"shipping-taxable","11":"purchasable","12":"product-type-simple"},"acf":[],"_links":{"self":[{"href":"https:\/\/tehni.eu\/de\/wp-json\/wp\/v2\/product\/15736","targetHints":{"allow":["GET"]}}],"collection":[{"href":"https:\/\/tehni.eu\/de\/wp-json\/wp\/v2\/product"}],"about":[{"href":"https:\/\/tehni.eu\/de\/wp-json\/wp\/v2\/types\/product"}],"wp:featuredmedia":[{"embeddable":true,"href":"https:\/\/tehni.eu\/de\/wp-json\/wp\/v2\/media\/15913"}],"wp:attachment":[{"href":"https:\/\/tehni.eu\/de\/wp-json\/wp\/v2\/media?parent=15736"}],"wp:term":[{"taxonomy":"product_brand","embeddable":true,"href":"https:\/\/tehni.eu\/de\/wp-json\/wp\/v2\/product_brand?post=15736"},{"taxonomy":"product_cat","embeddable":true,"href":"https:\/\/tehni.eu\/de\/wp-json\/wp\/v2\/product_cat?post=15736"},{"taxonomy":"product_tag","embeddable":true,"href":"https:\/\/tehni.eu\/de\/wp-json\/wp\/v2\/product_tag?post=15736"}],"curies":[{"name":"wp","href":"https:\/\/api.w.org\/{rel}","templated":true}]}}