{"id":15740,"date":"2025-11-17T07:14:23","date_gmt":"2025-11-17T05:14:23","guid":{"rendered":"https:\/\/tehni.eu\/?post_type=product&#038;p=15740"},"modified":"2025-12-03T09:51:32","modified_gmt":"2025-12-03T07:51:32","slug":"tls-50-flush-59803","status":"publish","type":"product","link":"https:\/\/tehni.eu\/de\/shop\/tls-50-flush-59803\/","title":{"rendered":"TLS 50 Flush &#8211; 59803"},"content":{"rendered":"<p class=\"translation-block\">Das Modell 59803 TLS 50 Flush verf\u00fcgt \u00fcber eine vollst\u00e4ndig fl\u00e4chenb\u00fcndige Au\u00dfenansicht mit vier horizontalen CNC-Linien, die ein dezentes und modernes Erscheinungsbild erzeugen. Die Innenseite folgt dem gleichen Design und bietet eine saubere, minimalistische und einheitliche Optik.<\/p>\n<p>Die doppelte, sandgestrahlte 3.3.1-Verbundverglasung betont den minimalistischen Charakter der T\u00fcr, w\u00e4hrend drei fl\u00e4chenb\u00fcndige wei\u00dfe B\u00e4nder eine stabile und zuverl\u00e4ssige Funktion gew\u00e4hrleisten.<\/p>\n<p class=\"translation-block\">Die T\u00fcr ist mit einem 3-Punkt-Schloss und einem R6 Plus Sicherheitszylinder ausgestattet und bietet Funktionalit\u00e4t, Sicherheit und langlebige Best\u00e4ndigkeit.<\/p>\n<p><strong>T\u00fcrmerkmale &amp; Ausstattung<\/strong><\/p>\n<ul>\n<li>GU-3-Punkt-Hakenschloss SH2 \u2013 GU<\/li>\n<li>TLS-Bandsicherheitsmechanismus<\/li>\n<li>R6 Plus Zylinder 30\/40 (5+1 Schl\u00fcssel) mit Notfunktion<\/li>\n<li>3 fl\u00e4chenb\u00fcndige B\u00e4nder: wei\u00df<\/li>\n<li>INOX Dieckmann 6 mm Rosette<\/li>\n<li class=\"translation-block\">Au\u00dfengriff: Bar 800 mm \u2013 INOX 316<\/li>\n<li class=\"translation-block\">Innengriff: Kronos \u2013 INOX Knauf<\/li>\n<li class=\"translation-block\">Verglasung: Doppel-Verbundglas 3.3.1 sandgestrahlt<\/li>\n<li>\u00d6ffnung nach innen: Rechts oder Links<\/li>\n<li class=\"translation-block\">Au\u00dfendesign: Nr. 59803 TLS 50 Flush | Farbe: 7016 Structura<\/li>\n<li class=\"translation-block\">Innendesign: Nr. 59803 TLS 50 Flush | Farbe: TEHNi White<\/li>\n<\/ul>\n<p>&nbsp;<\/p>\n<p><strong>Seitenteil mit Glas<\/strong><\/p>\n<p>Das 400\u2011mm oder 500\u2011mm Seitenteil ist eine ideale Wahl zur Verbesserung des nat\u00fcrlichen Lichts und der architektonischen \u00c4sthetik des Eingangs.<\/p>\n<p>Es wird im selben System wie die Hauptt\u00fcr gefertigt und verf\u00fcgt \u00fcber doppelt sandgestrahltes Verbundglas, das Privatsph\u00e4re, Best\u00e4ndigkeit und ein gleichm\u00e4\u00dfiges Endergebnis gew\u00e4hrleistet.<\/p>\n<p>Sie k\u00f6nnen die Seitenteile zu Ihrer Bestellung hinzuf\u00fcgen, um einen vollst\u00e4ndigen Eingangsbereich mit mehr Licht, besserer Symmetrie und harmonischem Gesamtbild zu schaffen.<\/p>\n<p><strong>Merkmale des Seitenteils<\/strong><\/p>\n<ul>\n<li class=\"translation-block\">Breite: 400 mm oder 500 mm<\/li>\n<li class=\"translation-block\">H\u00f6he: 2000 mm oder 2100 mm<\/li>\n<li class=\"translation-block\">Verglasung: Doppel-Verbundglas 3.3.1 sandgestrahlt<\/li>\n<li>Montage: Seitenteil neben der Hauptt\u00fcr in separatem Rahmen<\/li>\n<li class=\"translation-block\">Au\u00dfenfarben: 7016 Structura<\/li>\n<li class=\"translation-block\">Innenfarben: TEHNi White<\/li>\n<\/ul>\n<p>&nbsp;<\/p>\n<p><strong>Erweiterungsprofil 35 mm oder 50 mm<\/strong><\/p>\n<p class=\"translation-block\">F\u00fcr eine optimale Anpassung kann ein Erweiterungsprofil von 35 mm oder 50 mm hinzugef\u00fcgt werden, das eine ideale Anpassung des T\u00fcrrahmens an die Wandst\u00e4rke erm\u00f6glicht.<\/p>\n<p>Dies sorgt f\u00fcr ein sauberes Finish, ein einheitliches Erscheinungsbild um die T\u00fcr herum und verhindert zus\u00e4tzliche Reparatur- oder Putzarbeiten.<\/p>","protected":false},"excerpt":{"rendered":"<p>The 59803 TLS 50 Flush model features a fully flush exterior surface with four horizontal CNC lines, creating a subtle and modern aesthetic result. The interior side follows the same design, offering a clean, minimal, and uniform appearance within the space. The double frosted 3.3.1 laminated glass highlights the minimal character of the door, while [&hellip;]<\/p>\n","protected":false},"featured_media":15783,"template":"","meta":{"_acf_changed":false},"product_brand":[],"product_cat":[245],"product_tag":[],"class_list":{"0":"post-15740","1":"product","2":"type-product","3":"status-publish","4":"has-post-thumbnail","6":"product_cat-tls-50","8":"first","9":"instock","10":"shipping-taxable","11":"purchasable","12":"product-type-simple"},"acf":[],"_links":{"self":[{"href":"https:\/\/tehni.eu\/de\/wp-json\/wp\/v2\/product\/15740","targetHints":{"allow":["GET"]}}],"collection":[{"href":"https:\/\/tehni.eu\/de\/wp-json\/wp\/v2\/product"}],"about":[{"href":"https:\/\/tehni.eu\/de\/wp-json\/wp\/v2\/types\/product"}],"wp:featuredmedia":[{"embeddable":true,"href":"https:\/\/tehni.eu\/de\/wp-json\/wp\/v2\/media\/15783"}],"wp:attachment":[{"href":"https:\/\/tehni.eu\/de\/wp-json\/wp\/v2\/media?parent=15740"}],"wp:term":[{"taxonomy":"product_brand","embeddable":true,"href":"https:\/\/tehni.eu\/de\/wp-json\/wp\/v2\/product_brand?post=15740"},{"taxonomy":"product_cat","embeddable":true,"href":"https:\/\/tehni.eu\/de\/wp-json\/wp\/v2\/product_cat?post=15740"},{"taxonomy":"product_tag","embeddable":true,"href":"https:\/\/tehni.eu\/de\/wp-json\/wp\/v2\/product_tag?post=15740"}],"curies":[{"name":"wp","href":"https:\/\/api.w.org\/{rel}","templated":true}]}}