{"id":15744,"date":"2025-11-17T07:26:29","date_gmt":"2025-11-17T05:26:29","guid":{"rendered":"https:\/\/tehni.eu\/?post_type=product&#038;p=15744"},"modified":"2025-12-03T09:52:01","modified_gmt":"2025-12-03T07:52:01","slug":"tls-50-flush-1147","status":"publish","type":"product","link":"https:\/\/tehni.eu\/de\/shop\/tls-50-flush-1147\/","title":{"rendered":"TLS 50 Flush &#8211; 1147"},"content":{"rendered":"<p>Das Modell 1147 TLS 50 Flush verf\u00fcgt \u00fcber eine vollst\u00e4ndig fl\u00e4chenb\u00fcndige Au\u00dfenansicht und erzeugt ein dezentes, modernes Erscheinungsbild. Die Innenseite folgt dem gleichen Design und bietet eine saubere, minimalistische und einheitliche Optik.<br \/>\nDie doppelte, sandgestrahlte 3.3.1-Verbundverglasung betont den minimalistischen Charakter der T\u00fcr, w\u00e4hrend die drei fl\u00e4chenb\u00fcndigen wei\u00dfen B\u00e4nder eine stabile und zuverl\u00e4ssige Funktion sicherstellen.<br \/>\nDie T\u00fcr ist mit einem 3-Punkt-Schloss und einem R6 Plus Sicherheitszylinder ausgestattet und bietet Funktionalit\u00e4t, Sicherheit und langlebige Best\u00e4ndigkeit.<\/p>\n<p>T\u00fcrmerkmale &amp; Ausstattung<br \/>\n\u2022 3-Punkt-Hakenschloss SH2 \u2013 GU<br \/>\n\u2022 TLS-Bandsicherheitsmechanismus<br \/>\n\u2022 R6 Plus Zylinder 30\/40 (5+1 Schl\u00fcssel) mit Notfunktion<br \/>\n\u2022 3 fl\u00e4chenb\u00fcndige B\u00e4nder: wei\u00df<br \/>\n\u2022 INOX Dieckmann 6 mm Rosette<br \/>\n\u2022 Au\u00dfengriff: Bar 800 mm \u2013 INOX 316<br \/>\n\u2022 Innengriff: Kronos \u2013 INOX<br \/>\n\u2022 Verglasung: Doppel-Verbundglas 3.3.1 sandgestrahlt<br \/>\n\u2022 \u00d6ffnung nach innen: Rechts oder Links<br \/>\n\u2022 Au\u00dfendesign: Nr. 1147 TLS 50 Flush | Farbe: 7016 Structura<br \/>\n\u2022 Innendesign: Nr. 1147 TLS 50 Flush | Farbe: TEHNi White<\/p>\n<p>Seitenteil mit Glas<br \/>\nDas 400-mm oder 500-mm Seitenteil ist eine ideale Wahl zur Verbesserung des nat\u00fcrlichen Lichts und der architektonischen \u00c4sthetik des Eingangs.<br \/>\nEs wird im gleichen System wie die Hauptt\u00fcr gefertigt und verf\u00fcgt \u00fcber doppelt sandgestrahltes Verbundglas, das Privatsph\u00e4re, Widerstandsf\u00e4higkeit und ein gleichm\u00e4\u00dfiges Endergebnis gew\u00e4hrleistet.<br \/>\nSie k\u00f6nnen die Seitenteile Ihrer Bestellung hinzuf\u00fcgen, um einen vollst\u00e4ndigen Eingang mit mehr Licht, besserer Symmetrie und einem einheitlichen Erscheinungsbild zu schaffen, das perfekt zur Hauptt\u00fcr passt.<\/p>\n<p>Merkmale des Seitenteils<br \/>\n\u2022 Breite: 400 mm oder 500 mm<br \/>\n\u2022 H\u00f6he: 2000 mm oder 2100 mm<br \/>\n\u2022 Verglasung: Doppel-Verbundglas 3.3.1 sandgestrahlt<br \/>\n\u2022 Montage: Seitenteil in separatem Rahmen neben der Hauptt\u00fcr<br \/>\n\u2022 Au\u00dfenfarben: 7016 Structura<br \/>\n\u2022 Innenfarben: TEHNi White<\/p>\n<p>Erweiterungsprofil 35 mm oder 50 mm<br \/>\nF\u00fcr eine optimale Anpassung kann ein Erweiterungsprofil von 35 mm oder 50 mm hinzugef\u00fcgt werden, das eine ideale Anpassung des T\u00fcrrahmens an die Wandst\u00e4rke erlaubt.<br \/>\nDies sorgt f\u00fcr ein sauberes Finish, ein einheitliches Erscheinungsbild um die T\u00fcr herum und verhindert zus\u00e4tzliche Reparatur- oder Putzarbeiten.<\/p>","protected":false},"excerpt":{"rendered":"<p>The 1147 TLS 50 Flush model features a fully flush exterior surface, creating a subtle yet modern aesthetic effect. The interior side follows the same design, offering a clean, minimal, and uniform appearance within the space. The double frosted 3.3.1 laminated glass enhances the minimal character of the door, while the selection of three white [&hellip;]<\/p>\n","protected":false},"featured_media":15690,"template":"","meta":{"_acf_changed":false},"product_brand":[],"product_cat":[245],"product_tag":[],"class_list":{"0":"post-15744","1":"product","2":"type-product","3":"status-publish","4":"has-post-thumbnail","6":"product_cat-tls-50","8":"first","9":"instock","10":"shipping-taxable","11":"purchasable","12":"product-type-simple"},"acf":[],"_links":{"self":[{"href":"https:\/\/tehni.eu\/de\/wp-json\/wp\/v2\/product\/15744","targetHints":{"allow":["GET"]}}],"collection":[{"href":"https:\/\/tehni.eu\/de\/wp-json\/wp\/v2\/product"}],"about":[{"href":"https:\/\/tehni.eu\/de\/wp-json\/wp\/v2\/types\/product"}],"wp:featuredmedia":[{"embeddable":true,"href":"https:\/\/tehni.eu\/de\/wp-json\/wp\/v2\/media\/15690"}],"wp:attachment":[{"href":"https:\/\/tehni.eu\/de\/wp-json\/wp\/v2\/media?parent=15744"}],"wp:term":[{"taxonomy":"product_brand","embeddable":true,"href":"https:\/\/tehni.eu\/de\/wp-json\/wp\/v2\/product_brand?post=15744"},{"taxonomy":"product_cat","embeddable":true,"href":"https:\/\/tehni.eu\/de\/wp-json\/wp\/v2\/product_cat?post=15744"},{"taxonomy":"product_tag","embeddable":true,"href":"https:\/\/tehni.eu\/de\/wp-json\/wp\/v2\/product_tag?post=15744"}],"curies":[{"name":"wp","href":"https:\/\/api.w.org\/{rel}","templated":true}]}}