{"id":15748,"date":"2025-11-17T07:41:40","date_gmt":"2025-11-17T05:41:40","guid":{"rendered":"https:\/\/tehni.eu\/?post_type=product&#038;p=15748"},"modified":"2025-12-03T09:53:47","modified_gmt":"2025-12-03T07:53:47","slug":"tls-90-flush-59903","status":"publish","type":"product","link":"https:\/\/tehni.eu\/de\/shop\/tls-90-flush-59903\/","title":{"rendered":"TLS 90 Flush &#8211; 59903"},"content":{"rendered":"<p class=\"translation-block\">Das Modell 59903 TLS 90 Flush verf\u00fcgt \u00fcber eine vollst\u00e4ndig fl\u00e4chenb\u00fcndige Au\u00dfenansicht mit vier horizontalen CNC-Linien, die ein dezentes und modernes Erscheinungsbild schaffen. Die Innenseite folgt dem gleichen Design und bietet eine saubere, minimalistische und einheitliche Optik.<\/p>\n<p>Die dreifache, sandgestrahlte 3.3.1-Verbundverglasung betont den minimalistischen Charakter der T\u00fcr, w\u00e4hrend drei fl\u00e4chenb\u00fcndige wei\u00dfe B\u00e4nder eine stabile und zuverl\u00e4ssige Funktion gew\u00e4hrleisten.<\/p>\n<p class=\"translation-block\">Die T\u00fcr ist mit einem 3-Punkt-Schloss und einem R6 Plus Sicherheitszylinder ausgestattet, was Funktionalit\u00e4t, Sicherheit und langfristige Haltbarkeit bietet.<\/p>\n<p>&nbsp;<\/p>\n<p><strong>T\u00fcrmerkmale &amp; Ausstattung<\/strong><\/p>\n<ul>\n<li>GU-3-Punkt-Hakenschloss SH2 \u2013 GU<\/li>\n<li>TLS-Bandsicherheitsmechanismus<\/li>\n<li>R6 Plus Zylinder 30\/55 (5+1 Schl\u00fcssel) mit Notfunktion<\/li>\n<li>3 fl\u00e4chenb\u00fcndige B\u00e4nder: wei\u00df<\/li>\n<li>INOX-Schlossabdeckung &amp; Rosette<\/li>\n<li class=\"translation-block\">Au\u00dfengriff: Vision Slim, lackiert in der T\u00fcrfarbe au\u00dfen, 800 mm<\/li>\n<li class=\"translation-block\">Innengriff: Kronos \u2013 INOX Knauf<\/li>\n<li class=\"translation-block\">Verglasung: Dreifach-Verbundglas 3.3.1 sandgestrahlt<\/li>\n<li>\u00d6ffnung nach innen: Rechts oder Links<\/li>\n<li class=\"translation-block\">Exterior Design: <strong>No. 59903 TLS 90 Flush | Colors: 7016 Structura or TEHNi White<\/strong><\/li>\n<li class=\"translation-block\">Innendesign: Nr. 59903 TLS 90 Flush | Farbe: TEHNi White<\/li>\n<\/ul>\n<p>&nbsp;<\/p>\n<p><strong>Seitenteil mit Glas<\/strong><\/p>\n<p>Das 400\u2011mm oder 500\u2011mm Seitenteil ist eine ideale Wahl zur Verbesserung des nat\u00fcrlichen Lichts und der architektonischen \u00c4sthetik des Eingangs.<\/p>\n<p>Es wird im selben System wie die Hauptt\u00fcr gefertigt und verf\u00fcgt \u00fcber dreifach sandgestrahltes Verbundglas, das Privatsph\u00e4re, Best\u00e4ndigkeit und ein gleichm\u00e4\u00dfiges Endergebnis gew\u00e4hrleistet.<\/p>\n<p>Durch das Hinzuf\u00fcgen von Seitenteilen entsteht ein vollst\u00e4ndiger Eingangsbereich mit mehr Licht, besserer Symmetrie und einem harmonischen Gesamtbild, das perfekt zur Hauptt\u00fcr passt.<\/p>\n<p>&nbsp;<\/p>\n<p><strong>Merkmale des Seitenteils<\/strong><\/p>\n<ul>\n<li class=\"translation-block\">Breite: 400 mm oder 500 mm<\/li>\n<li class=\"translation-block\">H\u00f6he: 2000 mm oder 2100 mm<\/li>\n<li class=\"translation-block\">Verglasung: Dreifach-Verbundglas 3.3.1 sandgestrahlt<\/li>\n<li>Montage: Seitenteil neben der Hauptt\u00fcr in separatem Rahmen<\/li>\n<li class=\"translation-block\">Au\u00dfenfarben: 7016 Structura oder TEHNi White<\/li>\n<li class=\"translation-block\">Innenfarben: TEHNi White<\/li>\n<\/ul>\n<p>&nbsp;<\/p>\n<p><strong>Erweiterungsprofil 35 mm oder 50 mm<\/strong><\/p>\n<p class=\"translation-block\">F\u00fcr eine optimale Montage kann ein Erweiterungsprofil von 35 mm oder 50 mm hinzugef\u00fcgt werden, das eine ideale Anpassung des Rahmens an die Wandst\u00e4rke erm\u00f6glicht.<\/p>\n<p>Dies sorgt f\u00fcr ein sauberes Finish, ein einheitliches Erscheinungsbild und verhindert zus\u00e4tzliche Reparatur- oder Putzarbeiten.<\/p>","protected":false},"excerpt":{"rendered":"<p>The 59903 TLS 90 Flush model features a fully flush exterior surface with four horizontal CNC lines, creating a subtle and modern aesthetic result. The interior side follows the same design, offering a clean, minimal, and uniform appearance inside the space. The triple-frosted 3.3.1 laminated glass highlights the minimalist character of the door, while the [&hellip;]<\/p>\n","protected":false},"featured_media":15784,"template":"","meta":{"_acf_changed":false},"product_brand":[],"product_cat":[244],"product_tag":[],"class_list":{"0":"post-15748","1":"product","2":"type-product","3":"status-publish","4":"has-post-thumbnail","6":"product_cat-tls-90","8":"first","9":"instock","10":"shipping-taxable","11":"purchasable","12":"product-type-simple"},"acf":[],"_links":{"self":[{"href":"https:\/\/tehni.eu\/de\/wp-json\/wp\/v2\/product\/15748","targetHints":{"allow":["GET"]}}],"collection":[{"href":"https:\/\/tehni.eu\/de\/wp-json\/wp\/v2\/product"}],"about":[{"href":"https:\/\/tehni.eu\/de\/wp-json\/wp\/v2\/types\/product"}],"wp:featuredmedia":[{"embeddable":true,"href":"https:\/\/tehni.eu\/de\/wp-json\/wp\/v2\/media\/15784"}],"wp:attachment":[{"href":"https:\/\/tehni.eu\/de\/wp-json\/wp\/v2\/media?parent=15748"}],"wp:term":[{"taxonomy":"product_brand","embeddable":true,"href":"https:\/\/tehni.eu\/de\/wp-json\/wp\/v2\/product_brand?post=15748"},{"taxonomy":"product_cat","embeddable":true,"href":"https:\/\/tehni.eu\/de\/wp-json\/wp\/v2\/product_cat?post=15748"},{"taxonomy":"product_tag","embeddable":true,"href":"https:\/\/tehni.eu\/de\/wp-json\/wp\/v2\/product_tag?post=15748"}],"curies":[{"name":"wp","href":"https:\/\/api.w.org\/{rel}","templated":true}]}}