{"id":15751,"date":"2025-11-17T07:50:29","date_gmt":"2025-11-17T05:50:29","guid":{"rendered":"https:\/\/tehni.eu\/?post_type=product&#038;p=15751"},"modified":"2025-12-03T09:55:10","modified_gmt":"2025-12-03T07:55:10","slug":"tls-90-flush-1395","status":"publish","type":"product","link":"https:\/\/tehni.eu\/de\/shop\/tls-90-flush-1395\/","title":{"rendered":"TLS 90 Flush &#8211; 1395"},"content":{"rendered":"<p class=\"translation-block\">Das Modell 1395 TLS 90 Flush zeichnet sich durch seine fl\u00e4chenb\u00fcndige Au\u00dfenansicht aus, erg\u00e4nzt durch INOX-Elemente, die dem Eingang ein modernes und ausgewogenes Erscheinungsbild verleihen. Die Innenseite folgt dem gleichen Flush-Design mit INOX-Details und sorgt f\u00fcr eine klare, minimalistische und einheitliche Optik im Innenraum.<\/p>\n<p>Die dreifache, sandgestrahlte 3.3.1-Verbundverglasung verst\u00e4rkt das nat\u00fcrliche Licht und betont den minimalistischen Charakter der T\u00fcr.<\/p>\n<p class=\"translation-block\">Die T\u00fcr ist mit einem GU-3-Punkt-Schloss, einem R6 Plus Sicherheitszylinder und drei fl\u00e4chenb\u00fcndigen wei\u00dfen B\u00e4ndern ausgestattet, was h\u00f6chste Sicherheit, Zuverl\u00e4ssigkeit und Langlebigkeit gew\u00e4hrleistet.<\/p>\n<p>&nbsp;<\/p>\n<p><strong>T\u00fcrmerkmale &amp; Ausstattung<\/strong><\/p>\n<ul>\n<li>GU-3-Punkt-Hakenschloss SH2 \u2013 GU<\/li>\n<li>TLS-Bandsicherheitsmechanismus<\/li>\n<li>R6 Plus Zylinder 30\/55 (5+1 Schl\u00fcssel) mit Notfunktion<\/li>\n<li>3 fl\u00e4chenb\u00fcndige B\u00e4nder: wei\u00df<\/li>\n<li>INOX-Schlossabdeckung &amp; Rosette<\/li>\n<li class=\"translation-block\">Au\u00dfengriff: Vision Slim, lackiert in der T\u00fcrfarbe au\u00dfen, 800 mm<\/li>\n<li class=\"translation-block\">Innengriff: Kronos \u2013 INOX Knauf<\/li>\n<li class=\"translation-block\">Verglasung: Dreifach-Verbundglas 3.3.1 sandgestrahlt<\/li>\n<li>\u00d6ffnung nach innen: Rechts oder Links<\/li>\n<li class=\"translation-block\">Au\u00dfendesign: Nr. 1395 TLS 90 Flush | Farbe: 7016 Structura<\/li>\n<li class=\"translation-block\">Innendesign: Nr. 1395 TLS 90 Flush | Farbe: TEHNi White<\/li>\n<\/ul>\n<p>&nbsp;<\/p>\n<p><strong>Seitenteil mit Glas<\/strong><\/p>\n<p>Das 400-mm oder 500-mm Seitenteil ist eine ideale L\u00f6sung zur Verbesserung des nat\u00fcrlichen Lichts und der architektonischen \u00c4sthetik des Eingangs.<\/p>\n<p>Es wird im selben System wie die Hauptt\u00fcr gefertigt und enth\u00e4lt eine dreifache, sandgestrahlte Verbundverglasung, die Privatsph\u00e4re, Widerstandsf\u00e4higkeit und ein vollkommen gleichm\u00e4\u00dfiges Endergebnis gew\u00e4hrleistet.<\/p>\n<p>Sie k\u00f6nnen Ihrer Bestellung feste Paneele hinzuf\u00fcgen, um einen kompletten Eingang mit mehr Licht, verbesserter Symmetrie und einem einheitlichen Erscheinungsbild zu schaffen, das perfekt zur Hauptt\u00fcr passt.<\/p>\n<p>&nbsp;<\/p>\n<p><strong>Merkmale des Seitenteils<\/strong><\/p>\n<ul>\n<li class=\"translation-block\">Breite: 400 mm oder 500 mm<\/li>\n<li class=\"translation-block\">H\u00f6he: 2000 mm oder 2100 mm<\/li>\n<li class=\"translation-block\">Verglasung: Dreifach-Verbundglas 3.3.1 sandgestrahlt<\/li>\n<li>Montage: Seitenteil neben der Hauptt\u00fcr in separatem Rahmen<\/li>\n<li class=\"translation-block\">Au\u00dfenfarben: 7016 Structura<\/li>\n<li class=\"translation-block\">Innenfarben: TEHNi White<\/li>\n<\/ul>\n<p>&nbsp;<\/p>\n<p><strong>Erweiterungsprofil 35 mm oder 50 mm<\/strong><\/p>\n<p class=\"translation-block\">F\u00fcr eine optimale Anpassung kann ein Erweiterungsprofil von 35 mm oder 50 mm hinzugef\u00fcgt werden, das eine ideale Anpassung des T\u00fcrrahmens an die Wandst\u00e4rke erm\u00f6glicht.<\/p>\n<p>Dies sorgt f\u00fcr ein sauberes Finish, eine gleichm\u00e4\u00dfige Optik rund um die T\u00fcr und vermeidet zus\u00e4tzliche Reparatur- oder Putzarbeiten.<\/p>","protected":false},"excerpt":{"rendered":"<p>The 1395 TLS 90 Flush model is defined by its perfectly flush exterior surface, enhanced with inox details that deliver a modern and balanced aesthetic to the entrance. The interior side follows the same Flush design with inox accents, offering a clean, minimal, and uniform appearance inside the space. The triple frosted 3.3.1 laminated glass [&hellip;]<\/p>\n","protected":false},"featured_media":15715,"template":"","meta":{"_acf_changed":false},"product_brand":[],"product_cat":[244],"product_tag":[],"class_list":{"0":"post-15751","1":"product","2":"type-product","3":"status-publish","4":"has-post-thumbnail","6":"product_cat-tls-90","8":"first","9":"instock","10":"shipping-taxable","11":"purchasable","12":"product-type-simple"},"acf":[],"_links":{"self":[{"href":"https:\/\/tehni.eu\/de\/wp-json\/wp\/v2\/product\/15751","targetHints":{"allow":["GET"]}}],"collection":[{"href":"https:\/\/tehni.eu\/de\/wp-json\/wp\/v2\/product"}],"about":[{"href":"https:\/\/tehni.eu\/de\/wp-json\/wp\/v2\/types\/product"}],"wp:featuredmedia":[{"embeddable":true,"href":"https:\/\/tehni.eu\/de\/wp-json\/wp\/v2\/media\/15715"}],"wp:attachment":[{"href":"https:\/\/tehni.eu\/de\/wp-json\/wp\/v2\/media?parent=15751"}],"wp:term":[{"taxonomy":"product_brand","embeddable":true,"href":"https:\/\/tehni.eu\/de\/wp-json\/wp\/v2\/product_brand?post=15751"},{"taxonomy":"product_cat","embeddable":true,"href":"https:\/\/tehni.eu\/de\/wp-json\/wp\/v2\/product_cat?post=15751"},{"taxonomy":"product_tag","embeddable":true,"href":"https:\/\/tehni.eu\/de\/wp-json\/wp\/v2\/product_tag?post=15751"}],"curies":[{"name":"wp","href":"https:\/\/api.w.org\/{rel}","templated":true}]}}