{"id":8770,"date":"2024-06-18T11:10:06","date_gmt":"2024-06-18T08:10:06","guid":{"rendered":"https:\/\/tehni.eu.www425.your-server.de\/?page_id=8770"},"modified":"2025-12-17T11:08:23","modified_gmt":"2025-12-17T09:08:23","slug":"sustainability","status":"publish","type":"page","link":"https:\/\/tehni.eu\/fr\/sustainability\/","title":{"rendered":"Durabilit\u00e9"},"content":{"rendered":"<div data-elementor-type=\"wp-page\" data-elementor-id=\"8770\" class=\"elementor elementor-8770\" wpc-filter-elementor-widget=\"1\" data-elementor-post-type=\"page\">\n\t\t\t\t<section class=\"elementor-element elementor-element-2cce318 e-flex e-con-boxed e-con e-parent\" data-id=\"2cce318\" data-element_type=\"container\" data-e-type=\"container\">\n\t\t\t\t\t<div class=\"e-con-inner\">\n\t\t<div class=\"elementor-element elementor-element-cd11e98 e-con-full e-flex e-con e-child\" data-id=\"cd11e98\" data-element_type=\"container\" data-e-type=\"container\">\n\t\t\t\t<div class=\"elementor-element elementor-element-46efd13 heading-h2 heading-h2-left elementor-widget elementor-widget-heading\" data-id=\"46efd13\" data-element_type=\"widget\" data-e-type=\"widget\" data-widget_type=\"heading.default\">\n\t\t\t\t\t<h1 class=\"elementor-heading-title elementor-size-default\">D\u00e9veloppement durable<\/h1>\t\t\t\t<\/div>\n\t\t\t\t<div class=\"elementor-element elementor-element-c5b5f28 elementor-align-justify elementor-widget elementor-widget-button\" data-id=\"c5b5f28\" data-element_type=\"widget\" data-e-type=\"widget\" aria-label=\"Download Certifications PDF\" data-widget_type=\"button.default\">\n\t\t\t\t\t\t\t\t\t\t<a class=\"elementor-button elementor-button-link elementor-size-sm\" href=\"\/wp-content\/uploads\/ISO-1400-EN.pdf\" target=\"_blank\">\n\t\t\t\t\t\t<span class=\"elementor-button-content-wrapper\">\n\t\t\t\t\t\t<span class=\"elementor-button-icon\">\n\t\t\t\t<svg xmlns=\"http:\/\/www.w3.org\/2000\/svg\" width=\"24\" height=\"24\" viewbox=\"0 0 24 24\"><path d=\"M15 11.25c-2.07 0-3.75 1.68-3.75 3.75 0 .98.38 1.86 1 2.53V22c0 .28.16.54.41.67.25.13.56.1.79-.07L15 21.44l1.55 1.16a.738.738 0 0 0 .78.07.77.77 0 0 0 .42-.67v-4.47c.62-.67 1-1.55 1-2.53 0-2.07-1.68-3.75-3.75-3.75Zm0 1.5c1.24 0 2.25 1.01 2.25 2.25s-1.01 2.25-2.25 2.25-2.25-1.01-2.25-2.25 1.01-2.25 2.25-2.25Zm.45 7.15a.75.75 0 0 0-.9 0l-.8.6v-1.98c.39.14.81.23 1.25.23s.86-.09 1.25-.23v1.98l-.8-.6ZM21.75 7v10c0 .98-.53 1.89-1.38 2.38a.746.746 0 0 1-.75-1.29c.38-.22.62-.64.62-1.08V7c0-.69-.56-1.25-1.25-1.25H5c-.69 0-1.25.56-1.25 1.25v10c0 .69.56 1.25 1.25 1.25h5c.41 0 .75.34.75.75s-.34.75-.75.75H5c-1.52 0-2.75-1.23-2.75-2.75V7c0-1.52 1.23-2.75 2.75-2.75h14c1.52 0 2.75 1.23 2.75 2.75Zm-3 2c0 .41-.34.75-.75.75H6c-.41 0-.75-.34-.75-.75s.34-.75.75-.75h12c.41 0 .75.34.75.75ZM9 12.75H6c-.41 0-.75-.34-.75-.75s.34-.75.75-.75h3c.41 0 .75.34.75.75s-.34.75-.75.75Zm-1 1.5c.41 0 .75.34.75.75s-.34.75-.75.75H6c-.41 0-.75-.34-.75-.75s.34-.75.75-.75h2Z\"><\/path><\/svg>\t\t\t<\/span>\n\t\t\t\t\t\t\t\t\t<span class=\"elementor-button-text\">ISO 14001<\/span>\n\t\t\t\t\t<\/span>\n\t\t\t\t\t<\/a>\n\t\t\t\t\t\t\t\t<\/div>\n\t\t\t\t<\/div>\n\t\t\t\t<div class=\"elementor-element elementor-element-0c768b1 elementor-widget__width-initial elementor-widget elementor-widget-text-editor\" data-id=\"0c768b1\" data-element_type=\"widget\" data-e-type=\"widget\" data-widget_type=\"text-editor.default\">\n\t\t\t\t\t\t\t\t\t<h2>15 ans de pratiques commerciales respectueuses de l'environnement<\/h2>\n<p>Cela fait 15 ans que TEHNI a adopt\u00e9 la certification ISO 14001 et nous contribuons activement \u00e0 la pr\u00e9servation de l'environnement.                                                                      Le Syst\u00e8me de Management Environnemental (SME) selon les normes ISO 14001 est un outil de gestion qui permet \u00e0 toute entreprise, quelle que soit sa taille, d'identifier et de contr\u00f4ler l'impact environnemental de ses produits et services.                                                        Cette certification garantit que TEHNI suit toutes les proc\u00e9dures n\u00e9cessaires tout au long de la cha\u00eene d'approvisionnement et de production du produit. De cette fa\u00e7on, nous d\u00e9veloppons notre entreprise de mani\u00e8re durable et, bien s\u00fbr, nous avons le plus grand respect pour les personnes qui travaillent au sein de notre entreprise tout en maintenant un climat d'entreprise paisible.<\/p>\n<p>La protection de l'environnement s'effectue tout au long de la cha\u00eene d'approvisionnement du produit : de la s\u00e9lection des mati\u00e8res premi\u00e8res \u00e0 la logistique, selon les concepts de durabilit\u00e9 et de compatibilit\u00e9 environnementale, et \u00e9galement dans le plein respect des personnes qui y travaillent, gr\u00e2ce \u00e0 un climat d'entreprise apais\u00e9.<\/p>\n<p>Les avantages offerts par ISO 14001 sont les suivants\u00a0:<\/p>\n<ul>\n<li>R\u00e9duction de la consommation de mati\u00e8res premi\u00e8res<\/li>\n<li>Augmentation de l'efficacit\u00e9 \u00e9nerg\u00e9tique<\/li>\n<li>Efficacit\u00e9 am\u00e9lior\u00e9e<\/li>\n<li>Utilisation de ressources recycl\u00e9es<\/li>\n<li>Quantifier, surveiller et contr\u00f4ler l'impact des op\u00e9rations sur l'environnement, aujourd'hui et \u00e0 l'avenir.<\/li>\n<\/ul>\n<p>\u00a0<\/p>\n<h4><strong>ESG Compliance<\/strong><\/h4>\n<p>TEHNi, a leading manufacturer of aluminium doors, is firmly committed to ESG (Environmental, Social, and Governance) compliance as a core pillar of its corporate strategy. The company integrates sustainable practices across its production processes, ensuring minimal environmental impact through efficient energy use and responsible sourcing of raw materials. Social responsibility is reflected in TEHNi\u2019s focus on employee well-being, workplace safety, and community engagement. On the governance front, TEHNi upholds transparency, ethical conduct, and regulatory adherence at all operational levels. By aligning with ESG principles, TEHNi strengthens its long-term resilience, fosters trust among stakeholders, and contributes positively to a sustainable future.<\/p>\n<p><!-- \/wp:paragraph --><\/p>\t\t\t\t\t\t\t\t<\/div>\n\t\t<div class=\"elementor-element elementor-element-58ef4bb e-con-full e-flex e-con e-child\" data-id=\"58ef4bb\" data-element_type=\"container\" data-e-type=\"container\">\n\t\t\t\t<div class=\"elementor-element elementor-element-5f40fff elementor-widget elementor-widget-image\" data-id=\"5f40fff\" data-element_type=\"widget\" data-e-type=\"widget\" data-widget_type=\"image.default\">\n\t\t\t\t\t\t\t\t\t\t\t\t\t\t\t<img decoding=\"async\" width=\"1366\" height=\"455\" src=\"https:\/\/tehni.eu\/wp-content\/uploads\/Sustainability-tehni2-1.jpg\" class=\"attachment-full size-full wp-image-14865\" alt=\"\" srcset=\"https:\/\/tehni.eu\/wp-content\/uploads\/Sustainability-tehni2-1.jpg 1366w, https:\/\/tehni.eu\/wp-content\/uploads\/Sustainability-tehni2-1-600x200.jpg 600w, https:\/\/tehni.eu\/wp-content\/uploads\/Sustainability-tehni2-1-768x256.jpg 768w, https:\/\/tehni.eu\/wp-content\/uploads\/Sustainability-tehni2-1-18x6.jpg 18w\" sizes=\"(max-width: 1366px) 100vw, 1366px\" \/>\t\t\t\t\t\t\t\t\t\t\t\t\t\t\t<\/div>\n\t\t\t\t<\/div>\n\t\t\t\t\t<\/div>\n\t\t\t\t<\/section>\n\t\t\t\t<\/div>","protected":false},"excerpt":{"rendered":"<p>Sustainable Development ISO 14001 15 Years of Eco-Friendly Business Practices It&#8217;s been 15 years since TEHNI adopted ISO 14001 certification and we have been actively contributing to the preservation of the environment. The Environmental Management System (EMS) according to the standards of ISO 14001 is a management tool that allows any business of any size [&hellip;]<\/p>\n","protected":false},"author":1,"featured_media":0,"parent":0,"menu_order":26,"comment_status":"closed","ping_status":"closed","template":"","meta":{"_acf_changed":false,"footnotes":""},"hf_cat_page":[185],"class_list":["post-8770","page","type-page","status-publish","hentry"],"acf":[],"_links":{"self":[{"href":"https:\/\/tehni.eu\/fr\/wp-json\/wp\/v2\/pages\/8770","targetHints":{"allow":["GET"]}}],"collection":[{"href":"https:\/\/tehni.eu\/fr\/wp-json\/wp\/v2\/pages"}],"about":[{"href":"https:\/\/tehni.eu\/fr\/wp-json\/wp\/v2\/types\/page"}],"author":[{"embeddable":true,"href":"https:\/\/tehni.eu\/fr\/wp-json\/wp\/v2\/users\/1"}],"replies":[{"embeddable":true,"href":"https:\/\/tehni.eu\/fr\/wp-json\/wp\/v2\/comments?post=8770"}],"version-history":[{"count":0,"href":"https:\/\/tehni.eu\/fr\/wp-json\/wp\/v2\/pages\/8770\/revisions"}],"wp:attachment":[{"href":"https:\/\/tehni.eu\/fr\/wp-json\/wp\/v2\/media?parent=8770"}],"wp:term":[{"taxonomy":"hf_cat_page","embeddable":true,"href":"https:\/\/tehni.eu\/fr\/wp-json\/wp\/v2\/hf_cat_page?post=8770"}],"curies":[{"name":"wp","href":"https:\/\/api.w.org\/{rel}","templated":true}]}}