{"id":15725,"date":"2025-11-14T19:01:28","date_gmt":"2025-11-14T17:01:28","guid":{"rendered":"https:\/\/tehni.eu\/?post_type=product&#038;p=15725"},"modified":"2026-02-27T13:59:07","modified_gmt":"2026-02-27T11:59:07","slug":"tls-90-flush-1300-with-sidelight","status":"publish","type":"product","link":"https:\/\/tehni.eu\/fr\/shop\/tls-90-flush-1300-with-sidelight\/","title":{"rendered":"TLS 90 Flush &#8211; 1300 With Sidelight"},"content":{"rendered":"<p class=\"translation-block\">Le mod\u00e8le 1300 TLS 90 Flush avec fixe unifi\u00e9 combine une porte d\u2019entr\u00e9e affleurante de 1100 mm avec un panneau fixe de 450 mm du m\u00eame design, offrant des lignes \u00e9pur\u00e9es, une esth\u00e9tique soign\u00e9e et un \u00e9clairage naturel renforc\u00e9.<\/p>\n<p>La surface affleurante et le verre feuillet\u00e9 sabl\u00e9 triple 3.3.1 avec motif lin\u00e9aire cr\u00e9ent un r\u00e9sultat uniforme et minimal, id\u00e9al pour les habitations modernes.<\/p>\n<p class=\"translation-block\">\u00c0 l\u2019int\u00e9rieur, la porte est r\u00e9alis\u00e9e dans le design 1300 sans \u00e9l\u00e9ments inox, conservant une apparence propre et homog\u00e8ne dans l\u2019espace.<\/p>\n<p class=\"translation-block\">\u00c9quip\u00e9e d\u2019une serrure GU \u00e0 3 points, d\u2019un cylindre de s\u00e9curit\u00e9 R6 Plus et de trois paumelles affleurantes, elle garantit un haut niveau de s\u00e9curit\u00e9, de solidit\u00e9 et un usage quotidien confortable.<\/p>\n<p>Le fixe unifi\u00e9, dot\u00e9 du m\u00eame design de vitrage, compl\u00e8te l\u2019entr\u00e9e en offrant davantage de lumi\u00e8re et une esth\u00e9tique totalement coh\u00e9rente.<\/p>\n<p>&nbsp;<\/p>\n<p><strong>Caract\u00e9ristiques &amp; \u00c9quipement de la Porte<\/strong><\/p>\n<ul>\n<li>G\u00e2che \u00e9lectrique<\/li>\n<li>Serrure \u00e0 3 points avec crochet SH2 \u2013 GU<\/li>\n<li>Penne anti- d\u00e9gondage de paumelle TLS<\/li>\n<li>Cylindre R6 Plus 30\/55 (5+1 cl\u00e9s) avec fonction d\u2019urgence<\/li>\n<li>3 paumelles affleurantes : blanches ou argent\u00e9es selon l\u2019int\u00e9rieur<\/li>\n<li>Cache-serrure INOX &amp; rosace<\/li>\n<li class=\"translation-block\">Poign\u00e9e ext\u00e9rieure : Bar 800 mm \u2013 INOX 316<\/li>\n<li class=\"translation-block\">Poign\u00e9e int\u00e9rieure : Poign\u00e9e Kronos \u2013 INOX<\/li>\n<li>Ouverture vers l\u2019int\u00e9rieur : Gauche ou Droite<\/li>\n<li class=\"translation-block\">Vitrage porte : feuillet\u00e9 sabl\u00e9 3.3.1 avec lignes<\/li>\n<li class=\"translation-block\">Design ext\u00e9rieur : No. 1300 TLS 90 Flush<\/li>\n<li class=\"translation-block\">Design int\u00e9rieur : No. 1300 TLS 90 Flush sans INOX<\/li>\n<li class=\"translation-block\">Couleurs disponibles : 7016 Structura, 9007 Structura &amp; TEHNi White<\/li>\n<\/ul>\n<p>&nbsp;<\/p>\n<p><strong>Caract\u00e9ristiques du Fixe Vitr\u00e9<\/strong><\/p>\n<ul>\n<li class=\"translation-block\">Largeur du fixe : 450 mm<\/li>\n<li class=\"translation-block\">Hauteur : 2100 mm<\/li>\n<li>M\u00eame design de vitrage que la porte pour une esth\u00e9tique unifi\u00e9e<\/li>\n<li class=\"translation-block\">Vitrage : triple feuillet\u00e9 sabl\u00e9 3.3.1 avec lignes<\/li>\n<li>Installation : panneau fixe lat\u00e9ral dans un cadre unifi\u00e9<\/li>\n<li class=\"translation-block\">Couleurs : 7016 Structura, 9007 Structura, TEHNi White<\/li>\n<\/ul>\n<p>&nbsp;<\/p>\n<p><strong>Profil d\u2019Extension 35 mm ou 50 mm<\/strong><\/p>\n<p class=\"translation-block\">Pour une installation optimale, un profil d\u2019extension de 35 mm ou 50 mm peut \u00eatre ajout\u00e9, permettant d\u2019adapter parfaitement le cadre \u00e0 l\u2019\u00e9paisseur du mur.<\/p>\n<p>Cela garantit une finition propre, une esth\u00e9tique uniforme autour de la porte et \u00e9vite des travaux suppl\u00e9mentaires de r\u00e9paration ou d\u2019enduisage.<\/p>","protected":false},"excerpt":{"rendered":"<p>The 1300 TLS 90 Flush model with a unified fixed panel combines a 1100 mm flush entrance door with a 450 mm fixed panel in the same design, offering clean lines, refined aesthetics, and enhanced natural lighting. The flush surface and the triple frosted 3.3.1 laminated glass with linear pattern create a continuous, minimal result [&hellip;]<\/p>\n","protected":false},"featured_media":15670,"template":"","meta":{"_acf_changed":false},"product_brand":[],"product_cat":[244],"product_tag":[],"class_list":{"0":"post-15725","1":"product","2":"type-product","3":"status-publish","4":"has-post-thumbnail","6":"product_cat-tls-90","8":"first","9":"instock","10":"shipping-taxable","11":"purchasable","12":"product-type-simple"},"acf":[],"_links":{"self":[{"href":"https:\/\/tehni.eu\/fr\/wp-json\/wp\/v2\/product\/15725","targetHints":{"allow":["GET"]}}],"collection":[{"href":"https:\/\/tehni.eu\/fr\/wp-json\/wp\/v2\/product"}],"about":[{"href":"https:\/\/tehni.eu\/fr\/wp-json\/wp\/v2\/types\/product"}],"wp:featuredmedia":[{"embeddable":true,"href":"https:\/\/tehni.eu\/fr\/wp-json\/wp\/v2\/media\/15670"}],"wp:attachment":[{"href":"https:\/\/tehni.eu\/fr\/wp-json\/wp\/v2\/media?parent=15725"}],"wp:term":[{"taxonomy":"product_brand","embeddable":true,"href":"https:\/\/tehni.eu\/fr\/wp-json\/wp\/v2\/product_brand?post=15725"},{"taxonomy":"product_cat","embeddable":true,"href":"https:\/\/tehni.eu\/fr\/wp-json\/wp\/v2\/product_cat?post=15725"},{"taxonomy":"product_tag","embeddable":true,"href":"https:\/\/tehni.eu\/fr\/wp-json\/wp\/v2\/product_tag?post=15725"}],"curies":[{"name":"wp","href":"https:\/\/api.w.org\/{rel}","templated":true}]}}