{"id":15730,"date":"2025-11-14T20:43:59","date_gmt":"2025-11-14T18:43:59","guid":{"rendered":"https:\/\/tehni.eu\/?post_type=product&#038;p=15730"},"modified":"2025-12-03T09:55:45","modified_gmt":"2025-12-03T07:55:45","slug":"tls-50-flat-1654","status":"publish","type":"product","link":"https:\/\/tehni.eu\/fr\/shop\/tls-50-flat-1654\/","title":{"rendered":"TLS 50 Flat &#8211; 1654"},"content":{"rendered":"<p>Le mod\u00e8le 1654 TLS 50 pr\u00e9sente un cadre ext\u00e9rieur Flat et une surface int\u00e9rieure Flush, cr\u00e9ant un aspect totalement affleurant des deux c\u00f4t\u00e9s.<\/p>\n<p>L'ext\u00e9rieur comprend 4 lignes horizontales CNC, offrant un caract\u00e8re moderne et une esth\u00e9tique minimaliste, id\u00e9ale pour les applications architecturales contemporaines.<\/p>\n<p>\u00c0 l'int\u00e9rieur, la porte conserve la m\u00eame philosophie affleurante, offrant une apparence propre, minimaliste et parfaitement uniforme dans l\u2019espace.<\/p>\n<p>\u00c9quip\u00e9e d\u2019une serrure GU \u00e0 3 points, d\u2019un cylindre de s\u00e9curit\u00e9 R6 Plus et de trois paumelles affleurantes blanches, elle garantit robustesse, fiabilit\u00e9 quotidienne et fonctionnement impeccable.<\/p>\n<p>Le design affleurant, ext\u00e9rieur et int\u00e9rieur, cr\u00e9e un r\u00e9sultat \u00e9l\u00e9gant et coh\u00e9rent \u00e0 l\u2019entr\u00e9e.<\/p>\n<p><strong>Caract\u00e9ristiques &amp; \u00c9quipement de la Porte<\/strong><\/p>\n<ul>\n<li>Serrure GU \u00e0 3 points \u00e0 crochet SH2<\/li>\n<li>Penne anti- d\u00e9gondage de paumelle TLS<\/li>\n<li>Cylindre R6 Plus 30\/40 (5+1 cl\u00e9s) avec fonction d\u2019urgence<\/li>\n<li>3 paumelles affleurantes : blanches<\/li>\n<li>Rosace INOX Dieckmann 6 mm<\/li>\n<li class=\"translation-block\">Poign\u00e9e ext\u00e9rieure : Bar 800 mm \u2013 INOX 316<\/li>\n<li class=\"translation-block\">Poign\u00e9e int\u00e9rieure :Poign\u00e9e Kronos \u2013 INOX<\/li>\n<li class=\"translation-block\">Ouverture vers l\u2019int\u00e9rieur : Gauche ou Droite<\/li>\n<li class=\"translation-block\">Design ext\u00e9rieur : No. 1654 TLS 50 Flat | Couleur : 7016 Structura<\/li>\n<li class=\"translation-block\">Design int\u00e9rieur : No. 1654 TLS 50 Flush | Couleur : TEHNi White<\/li>\n<\/ul>\n<p><strong>\u00a0<\/strong><\/p>\n<p><strong>Partie Fixe Vitr\u00e9e <\/strong><\/p>\n<p>Le panneau fixe de 400 mm ou 500 mm est une solution id\u00e9ale pour augmenter la lumi\u00e8re naturelle et am\u00e9liorer l\u2019esth\u00e9tique architecturale de l\u2019entr\u00e9e.<\/p>\n<p>Fabriqu\u00e9 selon le m\u00eame syst\u00e8me que la porte principale, il dispose d\u2019un vitrage double feuillet\u00e9 sabl\u00e9, garantissant intimit\u00e9, r\u00e9sistance et un r\u00e9sultat final parfaitement uniforme.<\/p>\n<p>En ajoutant les parties fixes \u00e0 votre commande, vous cr\u00e9ez une entr\u00e9e compl\u00e8te, plus lumineuse, plus sym\u00e9trique et parfaitement assortie \u00e0 la porte principale.<\/p>\n<p class=\"translation-block\">Caract\u00e9ristiques de la Partie Fixe<\/p>\n<ul>\n<li class=\"translation-block\">Largeur : 400 mm ou 500 mm<\/li>\n<li class=\"translation-block\">Hauteur : 2000 mm ou 2100 mm<\/li>\n<li class=\"translation-block\">Vitrage : double feuillet\u00e9 sabl\u00e9 3.3.1<\/li>\n<li class=\"translation-block\">Installation : \u00c9l\u00e9ment lat\u00e9ral plac\u00e9 \u00e0 c\u00f4t\u00e9 de la porte principale dans un cadre s\u00e9par\u00e9<\/li>\n<li class=\"translation-block\">Couleurs ext\u00e9rieures : 7016 Structura<\/li>\n<li class=\"translation-block\">Couleurs int\u00e9rieures : TEHNi White<\/li>\n<\/ul>\n<p><strong>\u00a0<\/strong><\/p>\n<p><strong>Profil d\u2019Extension 35 mm ou 50 mm<\/strong><\/p>\n<p>Pour une installation optimale, il est possible d\u2019ajouter un profil d\u2019extension de 35 mm ou 50 mm permettant une adaptation id\u00e9ale du cadre \u00e0 l\u2019\u00e9paisseur du mur.<\/p>\n<p>Cela garantit une finition propre, une esth\u00e9tique uniforme autour de la porte et \u00e9vite des travaux suppl\u00e9mentaires d\u2019enduisage ou de r\u00e9paration.<\/p>","protected":false},"excerpt":{"rendered":"<p>The 1654 TLS 50 model features a Flat frame on the exterior and a Flush surface on the interior, creating a fully aligned appearance on both sides. The exterior includes 4 horizontal CNC lines, offering a modern character and minimal aesthetic ideal for contemporary architectural applications. Inside, the door maintains the same flush philosophy, providing [&hellip;]<\/p>\n","protected":false},"featured_media":15782,"template":"","meta":{"_acf_changed":false},"product_brand":[],"product_cat":[245],"product_tag":[],"class_list":{"0":"post-15730","1":"product","2":"type-product","3":"status-publish","4":"has-post-thumbnail","6":"product_cat-tls-50","8":"first","9":"instock","10":"shipping-taxable","11":"purchasable","12":"product-type-simple"},"acf":[],"_links":{"self":[{"href":"https:\/\/tehni.eu\/fr\/wp-json\/wp\/v2\/product\/15730","targetHints":{"allow":["GET"]}}],"collection":[{"href":"https:\/\/tehni.eu\/fr\/wp-json\/wp\/v2\/product"}],"about":[{"href":"https:\/\/tehni.eu\/fr\/wp-json\/wp\/v2\/types\/product"}],"wp:featuredmedia":[{"embeddable":true,"href":"https:\/\/tehni.eu\/fr\/wp-json\/wp\/v2\/media\/15782"}],"wp:attachment":[{"href":"https:\/\/tehni.eu\/fr\/wp-json\/wp\/v2\/media?parent=15730"}],"wp:term":[{"taxonomy":"product_brand","embeddable":true,"href":"https:\/\/tehni.eu\/fr\/wp-json\/wp\/v2\/product_brand?post=15730"},{"taxonomy":"product_cat","embeddable":true,"href":"https:\/\/tehni.eu\/fr\/wp-json\/wp\/v2\/product_cat?post=15730"},{"taxonomy":"product_tag","embeddable":true,"href":"https:\/\/tehni.eu\/fr\/wp-json\/wp\/v2\/product_tag?post=15730"}],"curies":[{"name":"wp","href":"https:\/\/api.w.org\/{rel}","templated":true}]}}