{"id":15732,"date":"2025-11-18T15:30:20","date_gmt":"2025-11-18T13:30:20","guid":{"rendered":"https:\/\/tehni.eu\/?post_type=product&#038;p=15732"},"modified":"2025-12-03T09:47:29","modified_gmt":"2025-12-03T07:47:29","slug":"tls-90-flush-1300","status":"publish","type":"product","link":"https:\/\/tehni.eu\/fr\/shop\/tls-90-flush-1300\/","title":{"rendered":"TLS 90 Flush &#8211; 1300"},"content":{"rendered":"<p>Le mod\u00e8le 1300 TLS 90 Flush offre une apparence totalement affleurante avec des lignes minimalistes en inox et une esth\u00e9tique architecturale moderne, tandis que sa face int\u00e9rieure est con\u00e7ue sans \u00e9l\u00e9ments en inox afin de conserver une pr\u00e9sence propre, \u00e9pur\u00e9e et homog\u00e8ne dans l\u2019espace.<\/p>\n<p>Le vitrage triple feuillet\u00e9 sabl\u00e9 avec lignes renforce la luminosit\u00e9 et ajoute une touche discr\u00e8te \u00e0 l\u2019ensemble<br \/>\nLa structure TLS 90 garantit une stabilit\u00e9 \u00e9lev\u00e9e, une excellente isolation thermique et une fonctionnalit\u00e9 optimale au quotidien<\/p>\n<p>La porte est \u00e9quip\u00e9e d\u2019une serrure GU \u00e0 3 points, d\u2019un cylindre de s\u00e9curit\u00e9 R6 et de trois paumelles affleurantes, offrant un niveau sup\u00e9rieur de s\u00e9curit\u00e9, de fiabilit\u00e9 et de robustesse.<\/p>\n<p><strong>Caract\u00e9ristiques &amp; \u00c9quipement de la Porte<\/strong><\/p>\n<ul>\n<li>D\u00e9sactivateur de p\u00eane GU<\/li>\n<li>Serrure GU \u00e0 3 points \u00e0 crochet SH2<\/li>\n<li>Penne anti- d\u00e9gondage de paumelle TLS<\/li>\n<li>Cylindre R6 30\/55 (5+1 cl\u00e9s) avec fonction d\u2019urgence<\/li>\n<li>3 paumelles affleurantes : blanches ou argent\u00e9es selon la couleur int\u00e9rieure<\/li>\n<li>Cache-serrure &amp; rosace INOX<\/li>\n<li class=\"translation-block\">Poign\u00e9e ext\u00e9rieure : Bar 800 mm \u2013 INOX 316<\/li>\n<li class=\"translation-block\">Poign\u00e9e int\u00e9rieure :Poign\u00e9e Kronos \u2013 INOX<\/li>\n<li class=\"translation-block\">Vitrage de porte : Triple feuillet\u00e9 sabl\u00e9 3.3.1 avec lignes<\/li>\n<li class=\"translation-block\">Ouverture vers l\u2019int\u00e9rieur : Gauche ou Droite<\/li>\n<li class=\"translation-block\">Design ext\u00e9rieur : No. 1300 TLS 90 Flush<\/li>\n<li class=\"translation-block\">Design int\u00e9rieur : No. 1300 TLS 90 Flush sans inox<\/li>\n<li class=\"translation-block\">Couleurs disponibles : 7016 Structura, 9007 Structura &amp; TEHNi White<\/li>\n<\/ul>\n<p>&nbsp;<\/p>\n<p><strong>Partie Fixe Vitr\u00e9e <\/strong><\/p>\n<p>La partie fixe de 400 mm ou 500 mm est une solution id\u00e9ale pour renforcer la luminosit\u00e9 naturelle et l\u2019esth\u00e9tique architecturale de l\u2019entr\u00e9e.<\/p>\n<p>Elle est fabriqu\u00e9e selon le m\u00eame syst\u00e8me que la porte principale et comprend un vitrage triple feuillet\u00e9 sabl\u00e9, garantissant intimit\u00e9, r\u00e9sistance et un r\u00e9sultat final parfaitement uniforme.<\/p>\n<p>Vous pouvez ajouter les parties fixes \u00e0 votre commande afin de cr\u00e9er une entr\u00e9e compl\u00e8te, plus lumineuse, plus sym\u00e9trique et parfaitement harmonis\u00e9e avec la porte principale.<\/p>\n<p><strong>\u00a0<\/strong><\/p>\n<p class=\"translation-block\">Caract\u00e9ristiques de la Partie Fixe<\/p>\n<ul>\n<li class=\"translation-block\">Largeur : 400 mm ou 500 mm<\/li>\n<li class=\"translation-block\">Hauteur : 2000 mm ou 2100 mm<\/li>\n<li class=\"translation-block\">Vitrage : Triple feuillet\u00e9 sabl\u00e9 3.3.1<\/li>\n<li class=\"translation-block\">Installation : \u00c9l\u00e9ment lat\u00e9ral plac\u00e9 \u00e0 c\u00f4t\u00e9 de la porte principale dans un cadre s\u00e9par\u00e9<\/li>\n<li class=\"translation-block\">Couleurs disponibles : 7016 Structura, 9007 Structura &amp; TEHNi White<\/li>\n<\/ul>\n<p><strong>\u00a0<\/strong><\/p>\n<p><strong>Profil d\u2019Extension 35 mm ou 50 mm<\/strong><\/p>\n<p>Per una migliore adattabilit\u00e0, \u00e8 possibile aggiungere un profilo di estensione da 35 mm o 50 mm, che permette al telaio della porta di adattarsi perfettamente allo spessore del muro.<\/p>\n<p>Cela garantit une finition propre, une esth\u00e9tique uniforme autour de la porte et \u00e9vite les travaux suppl\u00e9mentaires de r\u00e9paration ou d\u2019enduisage.<\/p>","protected":false},"excerpt":{"rendered":"<p>The 1300 TLS 90 Flush model offers a fully flush appearance with inox minimal lines and a contemporary architectural aesthetic, while its interior side is delivered without inox elements, maintaining a clean, minimal and unified presence within the space. The triple laminated frosted glass with lines enhances brightness and adds a discreet character to the [&hellip;]<\/p>\n","protected":false},"featured_media":15647,"template":"","meta":{"_acf_changed":false},"product_brand":[],"product_cat":[244],"product_tag":[],"class_list":{"0":"post-15732","1":"product","2":"type-product","3":"status-publish","4":"has-post-thumbnail","6":"product_cat-tls-90","8":"first","9":"instock","10":"shipping-taxable","11":"purchasable","12":"product-type-simple"},"acf":[],"_links":{"self":[{"href":"https:\/\/tehni.eu\/fr\/wp-json\/wp\/v2\/product\/15732","targetHints":{"allow":["GET"]}}],"collection":[{"href":"https:\/\/tehni.eu\/fr\/wp-json\/wp\/v2\/product"}],"about":[{"href":"https:\/\/tehni.eu\/fr\/wp-json\/wp\/v2\/types\/product"}],"wp:featuredmedia":[{"embeddable":true,"href":"https:\/\/tehni.eu\/fr\/wp-json\/wp\/v2\/media\/15647"}],"wp:attachment":[{"href":"https:\/\/tehni.eu\/fr\/wp-json\/wp\/v2\/media?parent=15732"}],"wp:term":[{"taxonomy":"product_brand","embeddable":true,"href":"https:\/\/tehni.eu\/fr\/wp-json\/wp\/v2\/product_brand?post=15732"},{"taxonomy":"product_cat","embeddable":true,"href":"https:\/\/tehni.eu\/fr\/wp-json\/wp\/v2\/product_cat?post=15732"},{"taxonomy":"product_tag","embeddable":true,"href":"https:\/\/tehni.eu\/fr\/wp-json\/wp\/v2\/product_tag?post=15732"}],"curies":[{"name":"wp","href":"https:\/\/api.w.org\/{rel}","templated":true}]}}