{"id":15744,"date":"2025-11-17T07:26:29","date_gmt":"2025-11-17T05:26:29","guid":{"rendered":"https:\/\/tehni.eu\/?post_type=product&#038;p=15744"},"modified":"2025-12-03T09:52:01","modified_gmt":"2025-12-03T07:52:01","slug":"tls-50-flush-1147","status":"publish","type":"product","link":"https:\/\/tehni.eu\/fr\/shop\/tls-50-flush-1147\/","title":{"rendered":"TLS 50 Flush &#8211; 1147"},"content":{"rendered":"<p>Le mod\u00e8le 1147 TLS 50 Flush pr\u00e9sente une surface ext\u00e9rieure enti\u00e8rement affleurante, cr\u00e9ant un effet esth\u00e9tique moderne et discret. La face int\u00e9rieure reprend le m\u00eame design, offrant un aspect propre, minimaliste et uniforme.<br \/>\nLe vitrage double feuillet\u00e9 sabl\u00e9 3.3.1 renforce le caract\u00e8re minimaliste de la porte, tandis que les trois paumelles affleurantes blanches garantissent un fonctionnement stable et fiable.<br \/>\nLa porte est \u00e9quip\u00e9e d\u2019une serrure \u00e0 3 points et d\u2019un cylindre de s\u00e9curit\u00e9 R6 Plus, offrant fonctionnalit\u00e9, s\u00e9curit\u00e9 et durabilit\u00e9 dans le temps.<\/p>\n<p>Caract\u00e9ristiques &amp; \u00c9quipement de la Porte<br \/>\n\u2022 Serrure \u00e0 3 points avec crochet SH2 \u2013 GU<br \/>\n\u2022 Penne anti- d\u00e9gondage de paumelle TLS<br \/>\n\u2022 Cylindre R6 Plus 30\/40 (5+1 cl\u00e9s) \u03bc\u03b5 fonction d\u2019urgence<br \/>\n\u2022 3 paumelles affleurantes : blanches<br \/>\n\u2022 Rosace INOX Dieckmann 6 mm<br \/>\n\u2022 Poign\u00e9e ext\u00e9rieure : Bar 800 mm \u2013 INOX 316<br \/>\n\u2022 Poign\u00e9e int\u00e9rieure : Poign\u00e9e Kronos \u2013 INOX<br \/>\n\u2022 Vitrage : double feuillet\u00e9 sabl\u00e9 3.3.1<br \/>\n\u2022 Ouverture vers l\u2019int\u00e9rieur : Droite ou Gauche<br \/>\n\u2022 Design ext\u00e9rieur : No. 1147 TLS 50 Flush | Couleur : 7016 Structura<br \/>\n\u2022 Design int\u00e9rieur : No. 1147 TLS 50 Flush | Couleur : TEHNi White<\/p>\n<p>Partie Fixe Vitr\u00e9e<br \/>\nLa partie fixe de 400 mm \u03ae 500 mm est une solution id\u00e9ale pour augmenter la lumi\u00e8re naturelle et am\u00e9liorer l\u2019esth\u00e9tique architecturale de l\u2019entr\u00e9e.<br \/>\nElle est fabriqu\u00e9e selon le m\u00eame syst\u00e8me que la porte principale et comprend un vitrage double feuillet\u00e9 sabl\u00e9, garantissant intimit\u00e9, r\u00e9sistance \u03ba\u03b1\u03b9 une finition parfaitement uniforme.<br \/>\nVous pouvez ajouter les panneaux fixes \u00e0 votre commande afin de cr\u00e9er une entr\u00e9e compl\u00e8te, plus lumineuse, mieux \u00e9quilibr\u00e9e \u03ba\u03b1\u03b9 parfaitement assortie \u00e0 la porte principale.<\/p>\n<p>Caract\u00e9ristiques de la Partie Fixe<br \/>\n\u2022 Largeur : 400 mm \u03ae 500 mm<br \/>\n\u2022 Hauteur : 2000 mm \u03ae 2100 mm<br \/>\n\u2022 Vitrage : double feuillet\u00e9 sabl\u00e9 3.3.1<br \/>\n\u2022 Installation : panneau fixe lat\u00e9ral dans un cadre s\u00e9par\u00e9<br \/>\n\u2022 Couleurs ext\u00e9rieures : 7016 Structura<br \/>\n\u2022 Couleurs int\u00e9rieures : TEHNi White<\/p>\n<p>Profil d\u2019Extension 35 mm ou 50 mm<br \/>\nPour une installation optimale, il est possible d\u2019ajouter un profil d\u2019extension de 35 mm \u03ae 50 mm permettant d\u2019adapter id\u00e9alement le cadre \u00e0 l\u2019\u00e9paisseur du mur.<br \/>\nCela garantit une finition propre, une esth\u00e9tique uniforme autour de la porte \u03ba\u03b1\u03b9 \u00e9vite des travaux suppl\u00e9mentaires de r\u00e9paration ou d\u2019enduisage.<\/p>","protected":false},"excerpt":{"rendered":"<p>The 1147 TLS 50 Flush model features a fully flush exterior surface, creating a subtle yet modern aesthetic effect. The interior side follows the same design, offering a clean, minimal, and uniform appearance within the space. The double frosted 3.3.1 laminated glass enhances the minimal character of the door, while the selection of three white [&hellip;]<\/p>\n","protected":false},"featured_media":15690,"template":"","meta":{"_acf_changed":false},"product_brand":[],"product_cat":[245],"product_tag":[],"class_list":{"0":"post-15744","1":"product","2":"type-product","3":"status-publish","4":"has-post-thumbnail","6":"product_cat-tls-50","8":"first","9":"instock","10":"shipping-taxable","11":"purchasable","12":"product-type-simple"},"acf":[],"_links":{"self":[{"href":"https:\/\/tehni.eu\/fr\/wp-json\/wp\/v2\/product\/15744","targetHints":{"allow":["GET"]}}],"collection":[{"href":"https:\/\/tehni.eu\/fr\/wp-json\/wp\/v2\/product"}],"about":[{"href":"https:\/\/tehni.eu\/fr\/wp-json\/wp\/v2\/types\/product"}],"wp:featuredmedia":[{"embeddable":true,"href":"https:\/\/tehni.eu\/fr\/wp-json\/wp\/v2\/media\/15690"}],"wp:attachment":[{"href":"https:\/\/tehni.eu\/fr\/wp-json\/wp\/v2\/media?parent=15744"}],"wp:term":[{"taxonomy":"product_brand","embeddable":true,"href":"https:\/\/tehni.eu\/fr\/wp-json\/wp\/v2\/product_brand?post=15744"},{"taxonomy":"product_cat","embeddable":true,"href":"https:\/\/tehni.eu\/fr\/wp-json\/wp\/v2\/product_cat?post=15744"},{"taxonomy":"product_tag","embeddable":true,"href":"https:\/\/tehni.eu\/fr\/wp-json\/wp\/v2\/product_tag?post=15744"}],"curies":[{"name":"wp","href":"https:\/\/api.w.org\/{rel}","templated":true}]}}