{"id":15748,"date":"2025-11-17T07:41:40","date_gmt":"2025-11-17T05:41:40","guid":{"rendered":"https:\/\/tehni.eu\/?post_type=product&#038;p=15748"},"modified":"2025-12-03T09:53:47","modified_gmt":"2025-12-03T07:53:47","slug":"tls-90-flush-59903","status":"publish","type":"product","link":"https:\/\/tehni.eu\/fr\/shop\/tls-90-flush-59903\/","title":{"rendered":"TLS 90 Flush &#8211; 59903"},"content":{"rendered":"<p class=\"translation-block\">Le mod\u00e8le 59903 TLS 90 Flush pr\u00e9sente une surface ext\u00e9rieure enti\u00e8rement affleurante avec quatre lignes horizontales CNC, cr\u00e9ant un effet esth\u00e9tique moderne et discret. La face int\u00e9rieure reprend le m\u00eame design, offrant une apparence propre, minimaliste et uniforme.<\/p>\n<p>Le vitrage triple feuillet\u00e9 sabl\u00e9 3.3.1 souligne le caract\u00e8re minimaliste de la porte, tandis que les trois paumelles affleurantes blanches garantissent un fonctionnement stable et fiable.<\/p>\n<p class=\"translation-block\">La porte est \u00e9quip\u00e9e d\u2019une serrure \u00e0 3 points et d\u2019un cylindre de s\u00e9curit\u00e9 R6 Plus, offrant fonctionnalit\u00e9, s\u00e9curit\u00e9 et longue durabilit\u00e9.<\/p>\n<p>&nbsp;<\/p>\n<p><strong>Caract\u00e9ristiques &amp; \u00c9quipement de la Porte<\/strong><\/p>\n<ul>\n<li>Serrure \u00e0 3 points avec crochet SH2 \u2013 GU<\/li>\n<li>Penne anti- d\u00e9gondage de paumelle TLS<\/li>\n<li>Cylindre R6 Plus 30\/55 (5+1 cl\u00e9s) avec fonction d\u2019urgence<\/li>\n<li>3 paumelles affleurantes : blanches<\/li>\n<li>Cache-serrure INOX &amp; rosace<\/li>\n<li class=\"translation-block\">Poign\u00e9e ext\u00e9rieure : Vision Slim, peinture assortie \u00e0 la couleur ext\u00e9rieure, 800 mm<\/li>\n<li class=\"translation-block\">Poign\u00e9e int\u00e9rieure : Poign\u00e9e Kronos \u2013 INOX<\/li>\n<li class=\"translation-block\">Vitrage : triple feuillet\u00e9 sabl\u00e9 3.3.1<\/li>\n<li>Ouverture vers l\u2019int\u00e9rieur : Droite ou Gauche<\/li>\n<li class=\"translation-block\">Design ext\u00e9rieur : No. 59903 TLS 90 Flush | Couleur : 7016 Structura ou TEHNi White<\/li>\n<li class=\"translation-block\">Design interno: No. 59903 TLS 90 Flush | Colore: TEHNi White<\/li>\n<\/ul>\n<p>&nbsp;<\/p>\n<p><strong>Partie Fixe Vitr\u00e9e<\/strong><\/p>\n<p>Le panneau fixe de 400 mm ou 500 mm est une solution id\u00e9ale pour augmenter la luminosit\u00e9 naturelle et am\u00e9liorer l\u2019esth\u00e9tique architecturale de l\u2019entr\u00e9e.<\/p>\n<p>Realizzato con lo stesso sistema della porta principale, dispone di vetro triplo stratificato satinato, garantendo privacy, resistenza e un risultato finale perfettamente uniforme.<\/p>\n<p>En ajoutant les panneaux fixes \u00e0 votre commande, vous pouvez cr\u00e9er une entr\u00e9e compl\u00e8te, plus lumineuse, mieux \u00e9quilibr\u00e9e et parfaitement assortie \u00e0 la porte principale.<\/p>\n<p>&nbsp;<\/p>\n<p><strong>Caract\u00e9ristiques de la Partie Fixe<\/strong><\/p>\n<ul>\n<li class=\"translation-block\">Largeur : 400 mm ou 500 mm<\/li>\n<li class=\"translation-block\">Hauteur : 2000 mm ou 2100 mm<\/li>\n<li class=\"translation-block\">Vitrage : triple feuillet\u00e9 sabl\u00e9 3.3.1<\/li>\n<li>Installation : \u00c9l\u00e9ment fixe lat\u00e9ral avec cadre s\u00e9par\u00e9<\/li>\n<li class=\"translation-block\">Couleurs int\u00e9rieures : TEHNi White<\/li>\n<li class=\"translation-block\">Couleurs int\u00e9rieures : TEHNi White<\/li>\n<\/ul>\n<p>&nbsp;<\/p>\n<p><strong>Profil d\u2019Extension 35 mm ou 50 mm<\/strong><\/p>\n<p class=\"translation-block\">Pour une installation optimale, il est possible d\u2019ajouter un profil d\u2019extension de 35 mm ou 50 mm permettant une adaptation id\u00e9ale du cadre \u00e0 l\u2019\u00e9paisseur du mur.<\/p>\n<p>Cela garantit une finition propre, une esth\u00e9tique uniforme autour de la porte et \u00e9vite des travaux suppl\u00e9mentaires d\u2019enduisage ou de r\u00e9paration.<\/p>","protected":false},"excerpt":{"rendered":"<p>The 59903 TLS 90 Flush model features a fully flush exterior surface with four horizontal CNC lines, creating a subtle and modern aesthetic result. The interior side follows the same design, offering a clean, minimal, and uniform appearance inside the space. The triple-frosted 3.3.1 laminated glass highlights the minimalist character of the door, while the [&hellip;]<\/p>\n","protected":false},"featured_media":15784,"template":"","meta":{"_acf_changed":false},"product_brand":[],"product_cat":[244],"product_tag":[],"class_list":{"0":"post-15748","1":"product","2":"type-product","3":"status-publish","4":"has-post-thumbnail","6":"product_cat-tls-90","8":"first","9":"instock","10":"shipping-taxable","11":"purchasable","12":"product-type-simple"},"acf":[],"_links":{"self":[{"href":"https:\/\/tehni.eu\/fr\/wp-json\/wp\/v2\/product\/15748","targetHints":{"allow":["GET"]}}],"collection":[{"href":"https:\/\/tehni.eu\/fr\/wp-json\/wp\/v2\/product"}],"about":[{"href":"https:\/\/tehni.eu\/fr\/wp-json\/wp\/v2\/types\/product"}],"wp:featuredmedia":[{"embeddable":true,"href":"https:\/\/tehni.eu\/fr\/wp-json\/wp\/v2\/media\/15784"}],"wp:attachment":[{"href":"https:\/\/tehni.eu\/fr\/wp-json\/wp\/v2\/media?parent=15748"}],"wp:term":[{"taxonomy":"product_brand","embeddable":true,"href":"https:\/\/tehni.eu\/fr\/wp-json\/wp\/v2\/product_brand?post=15748"},{"taxonomy":"product_cat","embeddable":true,"href":"https:\/\/tehni.eu\/fr\/wp-json\/wp\/v2\/product_cat?post=15748"},{"taxonomy":"product_tag","embeddable":true,"href":"https:\/\/tehni.eu\/fr\/wp-json\/wp\/v2\/product_tag?post=15748"}],"curies":[{"name":"wp","href":"https:\/\/api.w.org\/{rel}","templated":true}]}}