{"id":15751,"date":"2025-11-17T07:50:29","date_gmt":"2025-11-17T05:50:29","guid":{"rendered":"https:\/\/tehni.eu\/?post_type=product&#038;p=15751"},"modified":"2025-12-03T09:55:10","modified_gmt":"2025-12-03T07:55:10","slug":"tls-90-flush-1395","status":"publish","type":"product","link":"https:\/\/tehni.eu\/fr\/shop\/tls-90-flush-1395\/","title":{"rendered":"TLS 90 Flush &#8211; 1395"},"content":{"rendered":"<p class=\"translation-block\">Le mod\u00e8le 1395 TLS 90 Flush se distingue par sa surface ext\u00e9rieure enti\u00e8rement affleurante, accompagn\u00e9e d\u2019\u00e9l\u00e9ments en inox qui offrent une esth\u00e9tique moderne et \u00e9quilibr\u00e9e \u00e0 l\u2019entr\u00e9e. La face int\u00e9rieure reprend le m\u00eame design Flush avec d\u00e9tails en inox, assurant un aspect propre, minimaliste et uniforme dans l\u2019espace.<\/p>\n<p>Le vitrage triple feuillet\u00e9 sabl\u00e9 3.3.1 renforce la luminosit\u00e9 naturelle et met en valeur le caract\u00e8re minimal de la porte.<\/p>\n<p class=\"translation-block\">La porte est \u00e9quip\u00e9e d\u2019une serrure GU \u00e0 3 points, d\u2019un cylindre de s\u00e9curit\u00e9 R6 Plus et de trois paumelles affleurantes blanches, garantissant un haut niveau de s\u00e9curit\u00e9, de fiabilit\u00e9 et de durabilit\u00e9.<\/p>\n<p>&nbsp;<\/p>\n<p><strong>Caract\u00e9ristiques &amp; \u00c9quipement de la Porte<\/strong><\/p>\n<ul>\n<li>Serrure \u00e0 3 points avec crochet SH2 \u2013 GU<\/li>\n<li>Penne anti- d\u00e9gondage de paumelle TLS<\/li>\n<li>Cylindre R6 Plus 30\/55 (5+1 cl\u00e9s) avec fonction d\u2019urgence<\/li>\n<li>3 paumelles affleurantes : blanches<\/li>\n<li>Cache-serrure INOX &amp; rosace<\/li>\n<li class=\"translation-block\">Poign\u00e9e ext\u00e9rieure : Vision Slim, peinture assortie \u00e0 la couleur ext\u00e9rieure, 800 mm<\/li>\n<li class=\"translation-block\">Poign\u00e9e int\u00e9rieure : Poign\u00e9e Kronos \u2013 INOX<\/li>\n<li class=\"translation-block\">Vitrage : triple feuillet\u00e9 sabl\u00e9 3.3.1<\/li>\n<li>Ouverture vers l\u2019int\u00e9rieur : Droite ou Gauche<\/li>\n<li class=\"translation-block\">Design ext\u00e9rieur : No. 1395 TLS 90 Flush | Couleur : 7016 Structura<\/li>\n<li class=\"translation-block\">Design int\u00e9rieur : No. 1395 TLS 90 Flush | Couleur : TEHNi White<\/li>\n<\/ul>\n<p>&nbsp;<\/p>\n<p><strong>Partie Fixe Vitr\u00e9e<\/strong><\/p>\n<p>La partie fixe de 400 mm ou 500 mm est une solution id\u00e9ale pour augmenter la lumi\u00e8re naturelle et am\u00e9liorer l\u2019esth\u00e9tique architecturale de l\u2019entr\u00e9e.<\/p>\n<p>Elle est fabriqu\u00e9e selon le m\u00eame syst\u00e8me que la porte principale et comprend un vitrage triple feuillet\u00e9 sabl\u00e9, garantissant intimit\u00e9, r\u00e9sistance et un rendu final parfaitement uniforme.<\/p>\n<p>En ajoutant les parties fixes \u00e0 votre commande, vous cr\u00e9ez une entr\u00e9e compl\u00e8te, plus lumineuse, plus sym\u00e9trique et parfaitement assortie \u00e0 la porte principale.<\/p>\n<p>&nbsp;<\/p>\n<p><strong>Caract\u00e9ristiques de la Partie Fixe<\/strong><\/p>\n<ul>\n<li class=\"translation-block\">Largeur : 400 mm ou 500 mm<\/li>\n<li class=\"translation-block\">Hauteur : 2000 mm ou 2100 mm<\/li>\n<li class=\"translation-block\">Vitrage : triple feuillet\u00e9 sabl\u00e9 3.3.1<\/li>\n<li>Installation : \u00c9l\u00e9ment fixe lat\u00e9ral avec cadre s\u00e9par\u00e9<\/li>\n<li class=\"translation-block\">Couleurs ext\u00e9rieures : 7016 Structura<\/li>\n<li class=\"translation-block\">Couleurs int\u00e9rieures : TEHNi White<\/li>\n<\/ul>\n<p>&nbsp;<\/p>\n<p><strong>Profil d\u2019Extension 35 mm ou 50 mm<\/strong><\/p>\n<p class=\"translation-block\">Pour une installation optimale, un profil d\u2019extension de 35 mm ou 50 mm peut \u00eatre ajout\u00e9 afin d\u2019adapter parfaitement le cadre \u00e0 l\u2019\u00e9paisseur du mur.<\/p>\n<p>Cela garantit une finition propre, une esth\u00e9tique uniforme autour de la porte et \u00e9vite des travaux suppl\u00e9mentaires de r\u00e9paration ou d\u2019enduisage.<\/p>","protected":false},"excerpt":{"rendered":"<p>The 1395 TLS 90 Flush model is defined by its perfectly flush exterior surface, enhanced with inox details that deliver a modern and balanced aesthetic to the entrance. The interior side follows the same Flush design with inox accents, offering a clean, minimal, and uniform appearance inside the space. The triple frosted 3.3.1 laminated glass [&hellip;]<\/p>\n","protected":false},"featured_media":15715,"template":"","meta":{"_acf_changed":false},"product_brand":[],"product_cat":[244],"product_tag":[],"class_list":{"0":"post-15751","1":"product","2":"type-product","3":"status-publish","4":"has-post-thumbnail","6":"product_cat-tls-90","8":"first","9":"instock","10":"shipping-taxable","11":"purchasable","12":"product-type-simple"},"acf":[],"_links":{"self":[{"href":"https:\/\/tehni.eu\/fr\/wp-json\/wp\/v2\/product\/15751","targetHints":{"allow":["GET"]}}],"collection":[{"href":"https:\/\/tehni.eu\/fr\/wp-json\/wp\/v2\/product"}],"about":[{"href":"https:\/\/tehni.eu\/fr\/wp-json\/wp\/v2\/types\/product"}],"wp:featuredmedia":[{"embeddable":true,"href":"https:\/\/tehni.eu\/fr\/wp-json\/wp\/v2\/media\/15715"}],"wp:attachment":[{"href":"https:\/\/tehni.eu\/fr\/wp-json\/wp\/v2\/media?parent=15751"}],"wp:term":[{"taxonomy":"product_brand","embeddable":true,"href":"https:\/\/tehni.eu\/fr\/wp-json\/wp\/v2\/product_brand?post=15751"},{"taxonomy":"product_cat","embeddable":true,"href":"https:\/\/tehni.eu\/fr\/wp-json\/wp\/v2\/product_cat?post=15751"},{"taxonomy":"product_tag","embeddable":true,"href":"https:\/\/tehni.eu\/fr\/wp-json\/wp\/v2\/product_tag?post=15751"}],"curies":[{"name":"wp","href":"https:\/\/api.w.org\/{rel}","templated":true}]}}