{"id":1691,"date":"2024-04-29T09:58:05","date_gmt":"2024-04-29T09:58:05","guid":{"rendered":"https:\/\/tehni.eu.www425.your-server.de\/?page_id=1691"},"modified":"2024-12-13T15:16:48","modified_gmt":"2024-12-13T13:16:48","slug":"privacy-policy","status":"publish","type":"page","link":"https:\/\/tehni.eu\/it\/privacy-policy\/","title":{"rendered":"l'Informativa privacy"},"content":{"rendered":"<div data-elementor-type=\"wp-page\" data-elementor-id=\"1691\" class=\"elementor elementor-1691\" wpc-filter-elementor-widget=\"1\" data-elementor-post-type=\"page\">\n\t\t\t\t<section class=\"elementor-element elementor-element-2a8f934e e-flex e-con-boxed e-con e-parent\" data-id=\"2a8f934e\" data-element_type=\"container\" data-e-type=\"container\">\n\t\t\t\t\t<div class=\"e-con-inner\">\n\t\t\t\t<div class=\"elementor-element elementor-element-9a5085d heading-h2 heading-h2-left elementor-widget elementor-widget-heading\" data-id=\"9a5085d\" data-element_type=\"widget\" data-e-type=\"widget\" data-widget_type=\"heading.default\">\n\t\t\t\t\t<h1 class=\"elementor-heading-title elementor-size-default\">l'Informativa privacy<\/h1>\t\t\t\t<\/div>\n\t\t\t\t<div class=\"elementor-element elementor-element-55e9295 elementor-widget elementor-widget-text-editor\" data-id=\"55e9295\" data-element_type=\"widget\" data-e-type=\"widget\" data-widget_type=\"text-editor.default\">\n\t\t\t\t\t\t\t\t\t<p>We use cookies to improve your experience by storing and accessing device info.<\/p>\t\t\t\t\t\t\t\t<\/div>\n\t\t\t\t<div class=\"elementor-element elementor-element-cae9e71 elementor-widget elementor-widget-text-editor\" data-id=\"cae9e71\" data-element_type=\"widget\" data-e-type=\"widget\" data-widget_type=\"text-editor.default\">\n\t\t\t\t\t\t\t\t\t\n<p><strong>Informativa sulla privacy (GDPR)<\/strong><\/p>\n<p>Lo scopo di questa Informativa sulla privacy \u00e8 spiegare come e perch\u00e9 utilizziamo le tue informazioni personali. Ti preghiamo di leggere attentamente questa informativa.<\/p>\n<h3>1. Wer wird Ihre pers\u00f6nlichen Daten verwenden<\/h3>\n<p>La societ\u00e0 TEXNH A.E. Pantelos P. (di seguito la \"Societ\u00e0\") utilizzer\u00e0 i tuoi dati personali in qualit\u00e0 di Titolare del trattamento dei dati. Puoi contattarci utilizzando le informazioni fornite nell'intestazione del documento.<\/p>\n<p>Se hai domande in merito al trattamento dei tuoi dati personali, desideri esercitare qualsiasi diritto o presentare un reclamo, puoi contattare il Titolare del trattamento dei dati sopra menzionato. La Societ\u00e0 non \u00e8 obbligata a nominare un Responsabile della protezione dei dati (DPO) ai sensi del Regolamento UE 679\/2016 (GDPR) e in particolare degli Articoli 37, 38 e 83, insieme al Considerando 97 del GDPR. Qualsiasi richiesta o reclamo deve essere presentato per iscritto o tramite e-mail.<\/p>\n<h3>2. Come utilizziamo le tue informazioni personali<\/h3>\n<p>I tuoi dati personali saranno utilizzati per rispondere alle tue richieste e per scopi statistici.<\/p>\n<p>Dopo aver accettato i termini di utilizzo, il tuo indirizzo e-mail rimarr\u00e0 nel nostro elenco clienti, consentendoci di informarti su offerte, problemi relativi agli ordini, partecipazione a fiere e annunci di nuovi prodotti.<\/p>\n<h3>3. Quali dati personali utilizziamo<\/h3>\n<p>Elaboreremo solo i dati personali strettamente necessari per le finalit\u00e0 sopra menzionate. Nello specifico, la Societ\u00e0 elaborer\u00e0:<\/p>\n<ul>\n<li>Identit\u00e0 (Nome)<\/li>\n<li>Dettagli di contatto (indirizzo, e-mail, telefono)<\/li>\n<\/ul>\n<h3>4. Con chi condividiamo i tuoi dati personali<\/h3>\n<p>Gli unici dati personali che condividiamo sono le statistiche sul traffico, raccolte tramite Google.<\/p>\n<h3>5. Perch\u00e9 \u00e8 richiesta la raccolta dei dati personali<\/h3>\n<p>La raccolta dei tuoi dati \u00e8 necessaria per la conclusione di un contratto di acquisto e per la comunicazione tra noi.<\/p>\n<h3>6. I tuoi diritti ai sensi del GDPR<\/h3>\n<p>Hai il diritto di esercitare i seguenti diritti relativi ai tuoi dati personali:<\/p>\n<ul>\n<li>Accesso<\/li>\n<li>Rettifica<\/li>\n<li>Portabilit\u00e0<\/li>\n<li>Cancellazione (soggetto a condizioni legali)<\/li>\n<li>Restrizione<\/li>\n<li>Obiezione<\/li>\n<\/ul>\n<p>Puoi anche revocare il tuo consenso al trattamento dei tuoi dati personali in qualsiasi momento. La revoca del consenso non pregiudica la legalit\u00e0 del trattamento precedente. Puoi esercitare i tuoi diritti tramite il nostro sito Web o inviando un'e-mail a <span style=\"display:inline;unicode-bidi:bidi-override;direction:rtl;\" class=\"\">rg.soletnap<span style=\"display:none;\">obfsctd-4187fd<\/span>&#64;liam<\/span>. The application for exercising your rights is free, unless the request is obviously unfounded or excessive.<\/p>\n<h3>7. Come sporgere reclamo<\/h3>\n<p>Se ritieni che la tua privacy sia violata in qualsiasi modo, puoi presentare un reclamo all'Autorit\u00e0 Garante per la Protezione dei Dati Personali:<\/p>\n<ul>\n<li>Kifissias 1-3, ZIP 115 23, Athens, <a href=\"http:\/\/www.dpa.gr\" target=\"_new\" rel=\"noopener\">www.dpa.gr<\/a><\/li>\n<\/ul>\n<h3>8. Per quanto tempo conserviamo i tuoi dati personali<\/h3>\n<p>Conserveremo ed elaboreremo i tuoi dati personali per gli scopi sopra menzionati fino a un mese per i dati relativi al tuo ordine o alla tua comunicazione e indefinitamente per la tua e-mail, per la quale hai dato il consenso. Hai il diritto di richiedere la cancellazione della tua e-mail in qualsiasi momento.<\/p>\n\t\t\t\t\t\t\t\t<\/div>\n\t\t\t\t\t<\/div>\n\t\t\t\t<\/section>\n\t\t\t\t<\/div>","protected":false},"excerpt":{"rendered":"<p>Privacy Policy We use cookies to improve your experience by storing and accessing device info. Privacy Statement (GDPR) The purpose of this Privacy Statement is to explain how and why we use your personal information. Please read this statement carefully. 1. Who will use your personal information The company TEXNH A.E. Pantelos P. (hereafter the [&hellip;]<\/p>\n","protected":false},"author":1,"featured_media":0,"parent":0,"menu_order":14,"comment_status":"closed","ping_status":"closed","template":"","meta":{"_acf_changed":false,"footnotes":""},"hf_cat_page":[182],"class_list":["post-1691","page","type-page","status-publish","hentry"],"acf":[],"_links":{"self":[{"href":"https:\/\/tehni.eu\/it\/wp-json\/wp\/v2\/pages\/1691","targetHints":{"allow":["GET"]}}],"collection":[{"href":"https:\/\/tehni.eu\/it\/wp-json\/wp\/v2\/pages"}],"about":[{"href":"https:\/\/tehni.eu\/it\/wp-json\/wp\/v2\/types\/page"}],"author":[{"embeddable":true,"href":"https:\/\/tehni.eu\/it\/wp-json\/wp\/v2\/users\/1"}],"replies":[{"embeddable":true,"href":"https:\/\/tehni.eu\/it\/wp-json\/wp\/v2\/comments?post=1691"}],"version-history":[{"count":0,"href":"https:\/\/tehni.eu\/it\/wp-json\/wp\/v2\/pages\/1691\/revisions"}],"wp:attachment":[{"href":"https:\/\/tehni.eu\/it\/wp-json\/wp\/v2\/media?parent=1691"}],"wp:term":[{"taxonomy":"hf_cat_page","embeddable":true,"href":"https:\/\/tehni.eu\/it\/wp-json\/wp\/v2\/hf_cat_page?post=1691"}],"curies":[{"name":"wp","href":"https:\/\/api.w.org\/{rel}","templated":true}]}}